{"id":3168,"date":"2022-04-15T11:40:04","date_gmt":"2022-04-15T09:40:04","guid":{"rendered":"https:\/\/www.fondationprincessecharlene.mc\/gouvernance"},"modified":"2025-10-23T11:18:08","modified_gmt":"2025-10-23T09:18:08","slug":"gouvernance","status":"publish","type":"page","link":"https:\/\/www.fondationprincessecharlene.mc\/en\/gouvernance","title":{"rendered":"Governance"},"content":{"rendered":"\n<p>The Princess Charlene of Monaco Foundation is administered by a <strong>Board of Directors<\/strong>, invested with the most extensive management powers. It has the following missions:<\/p>\n\n\n\n<figure class=\"wp-block-image size-large\"><img decoding=\"async\" width=\"1024\" height=\"665\" src=\"https:\/\/www.fondationprincessecharlene.mc\/wp-content\/uploads\/2022\/08\/Sans-titre-2-copie-1024x665.jpg\" alt=\"\" class=\"wp-image-601\" srcset=\"https:\/\/www.fondationprincessecharlene.mc\/wp-content\/uploads\/2022\/08\/Sans-titre-2-copie-1024x665.jpg 1024w, https:\/\/www.fondationprincessecharlene.mc\/wp-content\/uploads\/2022\/08\/Sans-titre-2-copie-300x195.jpg 300w, https:\/\/www.fondationprincessecharlene.mc\/wp-content\/uploads\/2022\/08\/Sans-titre-2-copie-768x499.jpg 768w, https:\/\/www.fondationprincessecharlene.mc\/wp-content\/uploads\/2022\/08\/Sans-titre-2-copie-1536x998.jpg 1536w, https:\/\/www.fondationprincessecharlene.mc\/wp-content\/uploads\/2022\/08\/Sans-titre-2-copie-2048x1331.jpg 2048w\" sizes=\"(max-width: 1024px) 100vw, 1024px\" \/><\/figure>\n\n\n\n<div style=\"height:31px\" aria-hidden=\"true\" class=\"wp-block-spacer\"><\/div>\n\n\n\n<div class=\"wp-block-columns is-layout-flex wp-container-core-columns-is-layout-9d6595d7 wp-block-columns-is-layout-flex\">\n<div class=\"wp-block-column is-vertically-aligned-center is-layout-flow wp-block-column-is-layout-flow\">\n<h3 class=\"wp-block-heading\"><strong>Composition of the Board of Directors<\/strong><\/h3>\n\n\n\n<p><strong>HSH Princess Charlene of Monaco<\/strong> &#8211; President<\/p>\n\n\n\n<p><strong>HSH Prince Albert II of Monaco<\/strong> &#8211; Vice-President<\/p>\n\n\n\n<p><strong>Mr Gareth Wittstock<\/strong> &#8211; Secretary General<\/p>\n\n\n\n<p><strong>Mrs Isabelle Castelli <\/strong>&#8211; Deputy Secretary General<\/p>\n\n\n\n<p><strong>Mr Anthony Stent Torriani <\/strong>&#8211; Treasurer<\/p>\n\n\n\n<p><strong>Mr Emmanuel Cal\u00e7a <\/strong>&#8211; Deputy Treasurer<\/p>\n\n\n\n<p><strong>Lady Cristina Green<\/strong> &#8211; Board Member<\/p>\n\n\n\n<p><strong>Mr Salim Zeghdar <\/strong>&#8211; Board member<\/p>\n<\/div>\n\n\n\n<div class=\"wp-block-column is-vertically-aligned-center is-layout-flow wp-block-column-is-layout-flow\"><div class=\"wp-block-image is-resized is-style-default\">\n<figure class=\"aligncenter size-large\"><img decoding=\"async\" width=\"1024\" height=\"768\" src=\"https:\/\/www.fondationprincessecharlene.mc\/wp-content\/uploads\/2022\/08\/Tournoi-Sainte-Devote-2022-12-1024x768.jpg\" alt=\"\" class=\"wp-image-1193\" srcset=\"https:\/\/www.fondationprincessecharlene.mc\/wp-content\/uploads\/2022\/08\/Tournoi-Sainte-Devote-2022-12-1024x768.jpg 1024w, https:\/\/www.fondationprincessecharlene.mc\/wp-content\/uploads\/2022\/08\/Tournoi-Sainte-Devote-2022-12-300x225.jpg 300w, https:\/\/www.fondationprincessecharlene.mc\/wp-content\/uploads\/2022\/08\/Tournoi-Sainte-Devote-2022-12-768x576.jpg 768w, https:\/\/www.fondationprincessecharlene.mc\/wp-content\/uploads\/2022\/08\/Tournoi-Sainte-Devote-2022-12-1536x1152.jpg 1536w, https:\/\/www.fondationprincessecharlene.mc\/wp-content\/uploads\/2022\/08\/Tournoi-Sainte-Devote-2022-12-2048x1536.jpg 2048w\" sizes=\"(max-width: 1024px) 100vw, 1024px\" \/><\/figure>\n<\/div><\/div>\n<\/div>\n\n\n\n<hr class=\"wp-block-separator has-text-color has-cyan-bluish-gray-color has-alpha-channel-opacity has-cyan-bluish-gray-background-color has-background is-style-wide\"\/>\n\n\n\n<div class=\"wp-block-columns is-layout-flex wp-container-core-columns-is-layout-9d6595d7 wp-block-columns-is-layout-flex\">\n<div class=\"wp-block-column is-vertically-aligned-center is-layout-flow wp-block-column-is-layout-flow\"><div class=\"wp-block-image is-style-default\">\n<figure class=\"aligncenter size-large\"><img decoding=\"async\" width=\"1024\" height=\"624\" src=\"https:\/\/www.fondationprincessecharlene.mc\/wp-content\/uploads\/2022\/10\/WS-Day-Monaco-2016-1-1024x624.jpg\" alt=\"\" class=\"wp-image-1898\" srcset=\"https:\/\/www.fondationprincessecharlene.mc\/wp-content\/uploads\/2022\/10\/WS-Day-Monaco-2016-1-1024x624.jpg 1024w, https:\/\/www.fondationprincessecharlene.mc\/wp-content\/uploads\/2022\/10\/WS-Day-Monaco-2016-1-300x183.jpg 300w, https:\/\/www.fondationprincessecharlene.mc\/wp-content\/uploads\/2022\/10\/WS-Day-Monaco-2016-1-768x468.jpg 768w, https:\/\/www.fondationprincessecharlene.mc\/wp-content\/uploads\/2022\/10\/WS-Day-Monaco-2016-1-1536x936.jpg 1536w, https:\/\/www.fondationprincessecharlene.mc\/wp-content\/uploads\/2022\/10\/WS-Day-Monaco-2016-1-2048x1248.jpg 2048w\" sizes=\"(max-width: 1024px) 100vw, 1024px\" \/><\/figure>\n<\/div><\/div>\n\n\n\n<div class=\"wp-block-column is-vertically-aligned-center is-layout-flow wp-block-column-is-layout-flow\">\n<h3 class=\"wp-block-heading\"><strong>Executive Office<\/strong><\/h3>\n\n\n\n<p>The <strong>Executive Office<\/strong> of the Foundation is composed of the President, the Vice-President, the Secretary General, and the Treasurer.<\/p>\n\n\n\n<p>Its mission is to supervise the activities of the Foundation. It manages its current affairs and implements the decisions of the Board.<\/p>\n<\/div>\n<\/div>\n\n\n\n<hr class=\"wp-block-separator has-text-color has-cyan-bluish-gray-color has-alpha-channel-opacity has-cyan-bluish-gray-background-color has-background is-style-wide\"\/>\n\n\n\n<div style=\"height:31px\" aria-hidden=\"true\" class=\"wp-block-spacer\"><\/div>\n\n\n\n<h3 class=\"wp-block-heading\" style=\"font-style:normal;font-weight:700\">Administrative Team<\/h3>\n\n\n\n<div class=\"wp-block-group\"><div class=\"wp-block-group__inner-container is-layout-flow wp-block-group-is-layout-flow\">\n<p class=\"has-text-align-center has-vivid-red-color has-text-color\"><strong><strong>Anne Boggio<\/strong><\/strong><\/p>\n\n\n\n<p class=\"has-text-align-center has-small-font-size\">CEO<\/p>\n<\/div><\/div>\n\n\n\n<div style=\"height:16px\" aria-hidden=\"true\" class=\"wp-block-spacer\"><\/div>\n\n\n\n<div class=\"wp-block-columns is-layout-flex wp-container-core-columns-is-layout-9d6595d7 wp-block-columns-is-layout-flex\">\n<div class=\"wp-block-column is-layout-flow wp-block-column-is-layout-flow\">\n<p class=\"has-text-align-center has-vivid-red-color has-text-color\"><strong><strong>Xavier Archimbault<\/strong><\/strong><\/p>\n\n\n\n<p class=\"has-text-align-center has-small-font-size\">Project Manager<\/p>\n<\/div>\n\n\n\n<div class=\"wp-block-column is-layout-flow wp-block-column-is-layout-flow\">\n<p class=\"has-text-align-center has-vivid-red-color has-text-color\"><\/p>\n\n\n\n<p class=\"has-text-align-center has-small-font-size\"><\/p>\n<\/div>\n\n\n\n<div class=\"wp-block-column is-layout-flow wp-block-column-is-layout-flow\">\n<p class=\"has-text-align-center has-vivid-red-color has-text-color\"><strong>Patricia Rosado<\/strong><\/p>\n\n\n\n<p class=\"has-text-align-center has-small-font-size\">Administrative Manager<\/p>\n<\/div>\n<\/div>\n\n\n\n<h3 class=\"wp-block-heading\"><strong>Operational Team<\/strong><\/h3>\n\n\n\n<div class=\"wp-block-columns are-vertically-aligned-center is-layout-flex wp-container-core-columns-is-layout-9d6595d7 wp-block-columns-is-layout-flex\">\n<div class=\"wp-block-column is-vertically-aligned-center is-layout-flow wp-block-column-is-layout-flow\">\n<p class=\"has-text-align-center has-vivid-red-color has-text-color\"><\/p>\n<\/div>\n\n\n\n<div class=\"wp-block-column is-vertically-aligned-center is-layout-flow wp-block-column-is-layout-flow\">\n<p class=\"has-text-align-center has-vivid-red-color has-text-color\"><strong>Damira Bottin<\/strong><\/p>\n\n\n\n<p class=\"has-text-align-center has-small-font-size\">Event Manager<\/p>\n<\/div>\n\n\n\n<div class=\"wp-block-column is-vertically-aligned-center is-layout-flow wp-block-column-is-layout-flow\">\n<p class=\"has-text-align-center has-vivid-red-color has-text-color\"><strong>Camille Gattuso<\/strong><\/p>\n\n\n\n<p class=\"has-text-align-center has-small-font-size\">Head of Communications<\/p>\n<\/div>\n\n\n\n<div class=\"wp-block-column is-layout-flow wp-block-column-is-layout-flow\">\n<p class=\"has-text-align-center has-vivid-red-color has-text-color\"><\/p>\n\n\n\n<p class=\"has-text-align-center has-small-font-size\"><\/p>\n<\/div>\n<\/div>\n\n\n\n<div style=\"height:8px\" aria-hidden=\"true\" class=\"wp-block-spacer\"><\/div>\n\n\n\n<div class=\"wp-block-columns is-layout-flex wp-container-core-columns-is-layout-9d6595d7 wp-block-columns-is-layout-flex\">\n<div class=\"wp-block-column is-layout-flow wp-block-column-is-layout-flow\"><\/div>\n\n\n\n<div class=\"wp-block-column is-layout-flow wp-block-column-is-layout-flow\">\n<p class=\"has-text-align-center has-vivid-red-color has-text-color\"><strong>Nicolas Jordan<\/strong><\/p>\n\n\n\n<p class=\"has-text-align-center has-small-font-size\">Event Assistant<\/p>\n<\/div>\n\n\n\n<div class=\"wp-block-column is-layout-flow wp-block-column-is-layout-flow\">\n<p class=\"has-text-align-center has-vivid-red-color has-text-color\"><strong>Virginie Fabre<\/strong><\/p>\n\n\n\n<p class=\"has-text-align-center has-small-font-size\">Communications Assistant<\/p>\n<\/div>\n\n\n\n<div class=\"wp-block-column is-layout-flow wp-block-column-is-layout-flow\"><\/div>\n<\/div>\n\n\n\n<div style=\"height:6px\" aria-hidden=\"true\" class=\"wp-block-spacer\"><\/div>\n\n\n\n<div class=\"wp-block-columns are-vertically-aligned-center is-layout-flex wp-container-core-columns-is-layout-9d6595d7 wp-block-columns-is-layout-flex\"><\/div>\n\n\n\n<div style=\"height:31px\" aria-hidden=\"true\" class=\"wp-block-spacer\"><\/div>\n\n\n\n<hr class=\"wp-block-separator has-text-color has-cyan-bluish-gray-color has-alpha-channel-opacity has-cyan-bluish-gray-background-color has-background is-style-wide\"\/>\n\n\n\n<div style=\"height:31px\" aria-hidden=\"true\" class=\"wp-block-spacer\"><\/div>\n\n\n\n<h3 class=\"wp-block-heading\" style=\"font-style:normal;font-weight:700\"><\/h3>\n\n\n\n<div class=\"wp-block-columns are-vertically-aligned-center is-layout-flex wp-container-core-columns-is-layout-9d6595d7 wp-block-columns-is-layout-flex\">\n<div class=\"wp-block-column is-vertically-aligned-center is-layout-flow wp-block-column-is-layout-flow\"><\/div>\n\n\n\n<div class=\"wp-block-column is-vertically-aligned-center is-layout-flow wp-block-column-is-layout-flow\"><\/div>\n<\/div>\n","protected":false},"excerpt":{"rendered":"<p>The Princess Charlene of Monaco Foundation is administered by a Board of Directors, invested [&hellip;]<\/p>\n","protected":false},"author":1,"featured_media":2492,"parent":0,"menu_order":3,"comment_status":"closed","ping_status":"closed","template":"","meta":{"_acf_changed":false,"footnotes":""},"class_list":["post-3168","page","type-page","status-publish","has-post-thumbnail","hentry"],"acf":[],"yoast_head":"<!-- This site is optimized with the Yoast SEO plugin v27.3 - https:\/\/yoast.com\/product\/yoast-seo-wordpress\/ -->\n<title>Governance - Fondation Princesse Charl\u00e8ne de Monaco<\/title>\n<meta name=\"description\" content=\"H.S.H. Princess Charlene of Monaco is the Foundation President and H.S.H. Prince Albert II of Monaco is its Vice-President.\" \/>\n<meta name=\"robots\" content=\"index, follow, max-snippet:-1, max-image-preview:large, max-video-preview:-1\" \/>\n<link rel=\"canonical\" href=\"https:\/\/www.fondationprincessecharlene.mc\/en\/gouvernance\" \/>\n<meta property=\"og:locale\" content=\"en_US\" \/>\n<meta property=\"og:type\" content=\"article\" \/>\n<meta property=\"og:title\" content=\"Governance - Fondation Princesse Charl\u00e8ne de Monaco\" \/>\n<meta property=\"og:description\" content=\"H.S.H. Princess Charlene of Monaco is the Foundation President and H.S.H. Prince Albert II of Monaco is its Vice-President.\" \/>\n<meta property=\"og:url\" content=\"https:\/\/www.fondationprincessecharlene.mc\/en\/gouvernance\" \/>\n<meta property=\"og:site_name\" content=\"Fondation Princesse Charl\u00e8ne de Monaco\" \/>\n<meta property=\"article:publisher\" content=\"https:\/\/www.facebook.com\/fondationprincessecharlenedemonaco\" \/>\n<meta property=\"article:modified_time\" content=\"2025-10-23T09:18:08+00:00\" \/>\n<meta property=\"og:image\" content=\"https:\/\/www.fondationprincessecharlene.mc\/wp-content\/uploads\/2022\/08\/WS-Day-Monaco-2016-3-scaled.jpg\" \/>\n\t<meta property=\"og:image:width\" content=\"2560\" \/>\n\t<meta property=\"og:image:height\" content=\"1704\" \/>\n\t<meta property=\"og:image:type\" content=\"image\/jpeg\" \/>\n<meta name=\"twitter:card\" content=\"summary_large_image\" \/>\n<meta name=\"twitter:label1\" content=\"Est. reading time\" \/>\n\t<meta name=\"twitter:data1\" content=\"2 minutes\" \/>\n<script type=\"application\/ld+json\" class=\"yoast-schema-graph\">{\"@context\":\"https:\\\/\\\/schema.org\",\"@graph\":[{\"@type\":\"WebPage\",\"@id\":\"https:\\\/\\\/www.fondationprincessecharlene.mc\\\/en\\\/gouvernance\",\"url\":\"https:\\\/\\\/www.fondationprincessecharlene.mc\\\/en\\\/gouvernance\",\"name\":\"Governance - Fondation Princesse Charl\u00e8ne de Monaco\",\"isPartOf\":{\"@id\":\"https:\\\/\\\/www.fondationprincessecharlene.mc\\\/en#website\"},\"primaryImageOfPage\":{\"@id\":\"https:\\\/\\\/www.fondationprincessecharlene.mc\\\/en\\\/gouvernance#primaryimage\"},\"image\":{\"@id\":\"https:\\\/\\\/www.fondationprincessecharlene.mc\\\/en\\\/gouvernance#primaryimage\"},\"thumbnailUrl\":\"https:\\\/\\\/www.fondationprincessecharlene.mc\\\/wp-content\\\/uploads\\\/2022\\\/08\\\/WS-Day-Monaco-2016-3-scaled.jpg\",\"datePublished\":\"2022-04-15T09:40:04+00:00\",\"dateModified\":\"2025-10-23T09:18:08+00:00\",\"description\":\"H.S.H. Princess Charlene of Monaco is the Foundation President and H.S.H. Prince Albert II of Monaco is its Vice-President.\",\"breadcrumb\":{\"@id\":\"https:\\\/\\\/www.fondationprincessecharlene.mc\\\/en\\\/gouvernance#breadcrumb\"},\"inLanguage\":\"en-US\",\"potentialAction\":[{\"@type\":\"ReadAction\",\"target\":[\"https:\\\/\\\/www.fondationprincessecharlene.mc\\\/en\\\/gouvernance\"]}]},{\"@type\":\"ImageObject\",\"inLanguage\":\"en-US\",\"@id\":\"https:\\\/\\\/www.fondationprincessecharlene.mc\\\/en\\\/gouvernance#primaryimage\",\"url\":\"https:\\\/\\\/www.fondationprincessecharlene.mc\\\/wp-content\\\/uploads\\\/2022\\\/08\\\/WS-Day-Monaco-2016-3-scaled.jpg\",\"contentUrl\":\"https:\\\/\\\/www.fondationprincessecharlene.mc\\\/wp-content\\\/uploads\\\/2022\\\/08\\\/WS-Day-Monaco-2016-3-scaled.jpg\",\"width\":2560,\"height\":1704},{\"@type\":\"BreadcrumbList\",\"@id\":\"https:\\\/\\\/www.fondationprincessecharlene.mc\\\/en\\\/gouvernance#breadcrumb\",\"itemListElement\":[{\"@type\":\"ListItem\",\"position\":1,\"name\":\"Accueil\",\"item\":\"https:\\\/\\\/www.fondationprincessecharlene.mc\\\/en\"},{\"@type\":\"ListItem\",\"position\":2,\"name\":\"Governance\"}]},{\"@type\":\"WebSite\",\"@id\":\"https:\\\/\\\/www.fondationprincessecharlene.mc\\\/en#website\",\"url\":\"https:\\\/\\\/www.fondationprincessecharlene.mc\\\/en\",\"name\":\"Fondation Princesse Charl\u00e8ne de Monaco\",\"description\":\"La Fondation Princesse Charl\u00e8ne de Monaco s&#039;engage pour un monde meilleur o\u00f9 les enfants de toute origine peuvent s&#039;\u00e9panouir en s\u00e9curit\u00e9 et apprendre \u00e0 vivre ensemble.\",\"publisher\":{\"@id\":\"https:\\\/\\\/www.fondationprincessecharlene.mc\\\/en#organization\"},\"potentialAction\":[{\"@type\":\"SearchAction\",\"target\":{\"@type\":\"EntryPoint\",\"urlTemplate\":\"https:\\\/\\\/www.fondationprincessecharlene.mc\\\/en?s={search_term_string}\"},\"query-input\":{\"@type\":\"PropertyValueSpecification\",\"valueRequired\":true,\"valueName\":\"search_term_string\"}}],\"inLanguage\":\"en-US\"},{\"@type\":\"Organization\",\"@id\":\"https:\\\/\\\/www.fondationprincessecharlene.mc\\\/en#organization\",\"name\":\"Fondation Princesse Charl\u00e8ne de Monaco\",\"url\":\"https:\\\/\\\/www.fondationprincessecharlene.mc\\\/en\",\"logo\":{\"@type\":\"ImageObject\",\"inLanguage\":\"en-US\",\"@id\":\"https:\\\/\\\/www.fondationprincessecharlene.mc\\\/en#\\\/schema\\\/logo\\\/image\\\/\",\"url\":\"https:\\\/\\\/www.fondationprincessecharlene.mc\\\/wp-content\\\/uploads\\\/2022\\\/04\\\/logo-princesse-charlene-de-monaco-fondation.png\",\"contentUrl\":\"https:\\\/\\\/www.fondationprincessecharlene.mc\\\/wp-content\\\/uploads\\\/2022\\\/04\\\/logo-princesse-charlene-de-monaco-fondation.png\",\"width\":645,\"height\":263,\"caption\":\"Fondation Princesse Charl\u00e8ne de Monaco\"},\"image\":{\"@id\":\"https:\\\/\\\/www.fondationprincessecharlene.mc\\\/en#\\\/schema\\\/logo\\\/image\\\/\"},\"sameAs\":[\"https:\\\/\\\/www.facebook.com\\\/fondationprincessecharlenedemonaco\"]}]}<\/script>\n<!-- \/ Yoast SEO plugin. -->","yoast_head_json":{"title":"Governance - Fondation Princesse Charl\u00e8ne de Monaco","description":"H.S.H. Princess Charlene of Monaco is the Foundation President and H.S.H. Prince Albert II of Monaco is its Vice-President.","robots":{"index":"index","follow":"follow","max-snippet":"max-snippet:-1","max-image-preview":"max-image-preview:large","max-video-preview":"max-video-preview:-1"},"canonical":"https:\/\/www.fondationprincessecharlene.mc\/en\/gouvernance","og_locale":"en_US","og_type":"article","og_title":"Governance - Fondation Princesse Charl\u00e8ne de Monaco","og_description":"H.S.H. Princess Charlene of Monaco is the Foundation President and H.S.H. Prince Albert II of Monaco is its Vice-President.","og_url":"https:\/\/www.fondationprincessecharlene.mc\/en\/gouvernance","og_site_name":"Fondation Princesse Charl\u00e8ne de Monaco","article_publisher":"https:\/\/www.facebook.com\/fondationprincessecharlenedemonaco","article_modified_time":"2025-10-23T09:18:08+00:00","og_image":[{"width":2560,"height":1704,"url":"https:\/\/www.fondationprincessecharlene.mc\/wp-content\/uploads\/2022\/08\/WS-Day-Monaco-2016-3-scaled.jpg","type":"image\/jpeg"}],"twitter_card":"summary_large_image","twitter_misc":{"Est. reading time":"2 minutes"},"schema":{"@context":"https:\/\/schema.org","@graph":[{"@type":"WebPage","@id":"https:\/\/www.fondationprincessecharlene.mc\/en\/gouvernance","url":"https:\/\/www.fondationprincessecharlene.mc\/en\/gouvernance","name":"Governance - Fondation Princesse Charl\u00e8ne de Monaco","isPartOf":{"@id":"https:\/\/www.fondationprincessecharlene.mc\/en#website"},"primaryImageOfPage":{"@id":"https:\/\/www.fondationprincessecharlene.mc\/en\/gouvernance#primaryimage"},"image":{"@id":"https:\/\/www.fondationprincessecharlene.mc\/en\/gouvernance#primaryimage"},"thumbnailUrl":"https:\/\/www.fondationprincessecharlene.mc\/wp-content\/uploads\/2022\/08\/WS-Day-Monaco-2016-3-scaled.jpg","datePublished":"2022-04-15T09:40:04+00:00","dateModified":"2025-10-23T09:18:08+00:00","description":"H.S.H. Princess Charlene of Monaco is the Foundation President and H.S.H. Prince Albert II of Monaco is its Vice-President.","breadcrumb":{"@id":"https:\/\/www.fondationprincessecharlene.mc\/en\/gouvernance#breadcrumb"},"inLanguage":"en-US","potentialAction":[{"@type":"ReadAction","target":["https:\/\/www.fondationprincessecharlene.mc\/en\/gouvernance"]}]},{"@type":"ImageObject","inLanguage":"en-US","@id":"https:\/\/www.fondationprincessecharlene.mc\/en\/gouvernance#primaryimage","url":"https:\/\/www.fondationprincessecharlene.mc\/wp-content\/uploads\/2022\/08\/WS-Day-Monaco-2016-3-scaled.jpg","contentUrl":"https:\/\/www.fondationprincessecharlene.mc\/wp-content\/uploads\/2022\/08\/WS-Day-Monaco-2016-3-scaled.jpg","width":2560,"height":1704},{"@type":"BreadcrumbList","@id":"https:\/\/www.fondationprincessecharlene.mc\/en\/gouvernance#breadcrumb","itemListElement":[{"@type":"ListItem","position":1,"name":"Accueil","item":"https:\/\/www.fondationprincessecharlene.mc\/en"},{"@type":"ListItem","position":2,"name":"Governance"}]},{"@type":"WebSite","@id":"https:\/\/www.fondationprincessecharlene.mc\/en#website","url":"https:\/\/www.fondationprincessecharlene.mc\/en","name":"Fondation Princesse Charl\u00e8ne de Monaco","description":"La Fondation Princesse Charl\u00e8ne de Monaco s&#039;engage pour un monde meilleur o\u00f9 les enfants de toute origine peuvent s&#039;\u00e9panouir en s\u00e9curit\u00e9 et apprendre \u00e0 vivre ensemble.","publisher":{"@id":"https:\/\/www.fondationprincessecharlene.mc\/en#organization"},"potentialAction":[{"@type":"SearchAction","target":{"@type":"EntryPoint","urlTemplate":"https:\/\/www.fondationprincessecharlene.mc\/en?s={search_term_string}"},"query-input":{"@type":"PropertyValueSpecification","valueRequired":true,"valueName":"search_term_string"}}],"inLanguage":"en-US"},{"@type":"Organization","@id":"https:\/\/www.fondationprincessecharlene.mc\/en#organization","name":"Fondation Princesse Charl\u00e8ne de Monaco","url":"https:\/\/www.fondationprincessecharlene.mc\/en","logo":{"@type":"ImageObject","inLanguage":"en-US","@id":"https:\/\/www.fondationprincessecharlene.mc\/en#\/schema\/logo\/image\/","url":"https:\/\/www.fondationprincessecharlene.mc\/wp-content\/uploads\/2022\/04\/logo-princesse-charlene-de-monaco-fondation.png","contentUrl":"https:\/\/www.fondationprincessecharlene.mc\/wp-content\/uploads\/2022\/04\/logo-princesse-charlene-de-monaco-fondation.png","width":645,"height":263,"caption":"Fondation Princesse Charl\u00e8ne de Monaco"},"image":{"@id":"https:\/\/www.fondationprincessecharlene.mc\/en#\/schema\/logo\/image\/"},"sameAs":["https:\/\/www.facebook.com\/fondationprincessecharlenedemonaco"]}]}},"_links":{"self":[{"href":"https:\/\/www.fondationprincessecharlene.mc\/en\/wp-json\/wp\/v2\/pages\/3168","targetHints":{"allow":["GET"]}}],"collection":[{"href":"https:\/\/www.fondationprincessecharlene.mc\/en\/wp-json\/wp\/v2\/pages"}],"about":[{"href":"https:\/\/www.fondationprincessecharlene.mc\/en\/wp-json\/wp\/v2\/types\/page"}],"author":[{"embeddable":true,"href":"https:\/\/www.fondationprincessecharlene.mc\/en\/wp-json\/wp\/v2\/users\/1"}],"replies":[{"embeddable":true,"href":"https:\/\/www.fondationprincessecharlene.mc\/en\/wp-json\/wp\/v2\/comments?post=3168"}],"version-history":[{"count":24,"href":"https:\/\/www.fondationprincessecharlene.mc\/en\/wp-json\/wp\/v2\/pages\/3168\/revisions"}],"predecessor-version":[{"id":8751,"href":"https:\/\/www.fondationprincessecharlene.mc\/en\/wp-json\/wp\/v2\/pages\/3168\/revisions\/8751"}],"wp:featuredmedia":[{"embeddable":true,"href":"https:\/\/www.fondationprincessecharlene.mc\/en\/wp-json\/wp\/v2\/media\/2492"}],"wp:attachment":[{"href":"https:\/\/www.fondationprincessecharlene.mc\/en\/wp-json\/wp\/v2\/media?parent=3168"}],"curies":[{"name":"wp","href":"https:\/\/api.w.org\/{rel}","templated":true}]}}