{"id":3193,"date":"2022-04-15T11:39:41","date_gmt":"2022-04-15T09:39:41","guid":{"rendered":"https:\/\/www.fondationprincessecharlene.mc\/missions"},"modified":"2023-01-17T16:13:40","modified_gmt":"2023-01-17T15:13:40","slug":"missions","status":"publish","type":"page","link":"https:\/\/www.fondationprincessecharlene.mc\/en\/missions","title":{"rendered":"Missions"},"content":{"rendered":"\n<p style=\"font-size:16px\">The <strong>Princess Charlene of Monaco<\/strong> <strong>Foundation<\/strong> is committed to building a world where children from all backgrounds can thrive in a safe environment and learn to live together. The Foundation strives to prevent drowning and to develop the education of children through the values of sport.<\/p>\n\n\n\n<p style=\"font-size:16px\"><br><strong>H.S.H. Princess Charlene<\/strong>, witness to the devastating reality of drowning and aware of the positive changes that sport can bring to one\u2019s life, created Her Foundation with the will to provide better opportunities for children around the world.<\/p>\n\n\n\n<p style=\"font-size:16px\"><br>According to the <strong><a href=\"http:\/\/who.int\">World Health Organization<\/a><\/strong> (WHO), drowning is a major public health concern. Drowning caused 2.5 million deaths over the last decade and is one of the main causes of death among children in many countries.<\/p>\n\n\n\n<p style=\"font-size:16px\">Sport has the power to change lives &#8211; affecting positively an individual, a family as a well as an entire community. Sport teaches us compassion, inspires us and gives us hope, and it can unite people and countries.<\/p>\n\n\n\n<div class=\"wp-block-media-text alignwide is-stacked-on-mobile is-image-fill\" style=\"grid-template-columns:29% auto\"><figure class=\"wp-block-media-text__media\" style=\"background-image:url(https:\/\/www.fondationprincessecharlene.mc\/wp-content\/uploads\/2022\/08\/Capbreton-2013-3-1024x682.jpg);background-position:12% 55%\"><img decoding=\"async\" width=\"1024\" height=\"682\" src=\"https:\/\/www.fondationprincessecharlene.mc\/wp-content\/uploads\/2022\/08\/Capbreton-2013-3-1024x682.jpg\" alt=\"\" class=\"wp-image-1147 size-large\" srcset=\"https:\/\/www.fondationprincessecharlene.mc\/wp-content\/uploads\/2022\/08\/Capbreton-2013-3-1024x682.jpg 1024w, https:\/\/www.fondationprincessecharlene.mc\/wp-content\/uploads\/2022\/08\/Capbreton-2013-3-300x200.jpg 300w, https:\/\/www.fondationprincessecharlene.mc\/wp-content\/uploads\/2022\/08\/Capbreton-2013-3-768x511.jpg 768w, https:\/\/www.fondationprincessecharlene.mc\/wp-content\/uploads\/2022\/08\/Capbreton-2013-3-1536x1022.jpg 1536w, https:\/\/www.fondationprincessecharlene.mc\/wp-content\/uploads\/2022\/08\/Capbreton-2013-3-2048x1363.jpg 2048w\" sizes=\"(max-width: 1024px) 100vw, 1024px\" \/><\/figure><div class=\"wp-block-media-text__content\">\n<p style=\"font-size:16px\">Since its creation on <strong>December 14, 2012<\/strong>, the Princess Charlene of Monaco Foundation supports and funds educational projects worldwide via<strong> 3 programmes<\/strong>.<\/p>\n\n\n\n<p style=\"font-size:16px\"><br>To protect children from avoidable injuries and to prevent drowning, the <strong>Learn to Swim <\/strong>and <strong>Water Safety<\/strong> programmes provide theoretical and practical training to children and adults and raise public awareness of water hazards.<\/p>\n\n\n\n<p style=\"font-size:16px\"><br>To inspire future generations and contribute to the well-being of children, the <strong>Sport &amp; Education<\/strong> programme organises sports events and encourages everyone to take up a sport.<\/p>\n<\/div><\/div>\n\n\n\n<p style=\"font-size:16px\">In implementing its actions and projects, the Foundation assists <strong>local institutions<\/strong>, relies on the <strong>technical expertise of partners<\/strong>, and cooperates with <strong>international organisations<\/strong> that share its vision and its goals.<\/p>\n\n\n\n<p style=\"font-size:16px\">For <strong>10 years<\/strong>, more than <strong>1,000,000 people<\/strong> have benefited from the Foundation&#8217;s programmes in <strong>43 countries<\/strong>.<\/p>\n\n\n\n<div class=\"wp-block-columns are-vertically-aligned-center is-layout-flex wp-container-core-columns-is-layout-9d6595d7 wp-block-columns-is-layout-flex\">\n<div class=\"wp-block-column is-vertically-aligned-center is-layout-flow wp-block-column-is-layout-flow\" style=\"flex-basis:35%\">\n<h2 class=\"has-text-align-right has-text-color wp-block-heading\" style=\"color:#660066\">Teaching<\/h2>\n\n\n\n<p class=\"has-text-align-right\">swimming to empower children and protect them from avoidable injuries<\/p>\n\n\n\n<h2 class=\"has-text-align-right has-vivid-cyan-blue-color has-text-color wp-block-heading\">Preventing<\/h2>\n\n\n\n<p class=\"has-text-align-right\">drowning by raising awareness of water safety and lifesaving sports<\/p>\n<\/div>\n\n\n\n<div class=\"wp-block-column is-vertically-aligned-center is-layout-flow wp-block-column-is-layout-flow\" style=\"flex-basis:75%\">\n<figure class=\"wp-block-embed is-type-video is-provider-youtube wp-block-embed-youtube wp-embed-aspect-16-9 wp-has-aspect-ratio\"><div class=\"wp-block-embed__wrapper\">\n<iframe loading=\"lazy\" title=\"The Princess Charlene of Monaco Foundation - 10-year anniversary\" width=\"500\" height=\"281\" src=\"https:\/\/www.youtube.com\/embed\/189iaN4QxNk?feature=oembed\" frameborder=\"0\" allow=\"accelerometer; autoplay; clipboard-write; encrypted-media; gyroscope; picture-in-picture; web-share\" referrerpolicy=\"strict-origin-when-cross-origin\" allowfullscreen><\/iframe>\n<\/div><\/figure>\n<\/div>\n<\/div>\n\n\n\n<div class=\"wp-block-columns are-vertically-aligned-center is-layout-flex wp-container-core-columns-is-layout-9d6595d7 wp-block-columns-is-layout-flex\">\n<div class=\"wp-block-column is-vertically-aligned-center is-layout-flow wp-block-column-is-layout-flow\" style=\"flex-basis:66.66%\">\n<figure class=\"wp-block-gallery has-nested-images columns-default is-cropped wp-block-gallery-1 is-layout-flex wp-block-gallery-is-layout-flex\">\n<figure class=\"wp-block-image size-full\"><img decoding=\"async\" width=\"480\" height=\"420\" data-id=\"17\" src=\"https:\/\/www.fondationprincessecharlene.mc\/wp-content\/uploads\/2022\/04\/sport-education.jpg\" alt=\"\" class=\"wp-image-17\" srcset=\"https:\/\/www.fondationprincessecharlene.mc\/wp-content\/uploads\/2022\/04\/sport-education.jpg 480w, https:\/\/www.fondationprincessecharlene.mc\/wp-content\/uploads\/2022\/04\/sport-education-300x263.jpg 300w\" sizes=\"(max-width: 480px) 100vw, 480px\" \/><\/figure>\n<\/figure>\n<\/div>\n\n\n\n<div class=\"wp-block-column is-vertically-aligned-center is-layout-flow wp-block-column-is-layout-flow\" style=\"flex-basis:33.33%\">\n<h2 class=\"has-text-color wp-block-heading\" style=\"color:#ff6600\">Inspiring<\/h2>\n\n\n\n<p>children with quality education and the universal values of sport<\/p>\n<\/div>\n<\/div>\n\n\n\n<div class=\"wp-block-buttons is-horizontal is-content-justification-center is-layout-flex wp-container-core-buttons-is-layout-499968f5 wp-block-buttons-is-layout-flex\">\n<div class=\"wp-block-button has-custom-width wp-block-button__width-50 has-custom-font-size is-style-fill has-medium-font-size\"><a class=\"wp-block-button__link has-vivid-cyan-blue-background-color has-background wp-element-button\" href=\"https:\/\/www.fondationprincessecharlene.mc\/programmes\" style=\"border-radius:15px\"><strong>Discover our projects<\/strong><\/a><\/div>\n\n\n\n<div class=\"wp-block-button has-custom-width wp-block-button__width-50 has-custom-font-size is-style-fill has-medium-font-size\"><a class=\"wp-block-button__link has-background wp-element-button\" style=\"border-radius:15px;background-color:#be0a26\"><strong>Make a donation<\/strong><\/a><\/div>\n<\/div>\n\n\n\n<div style=\"height:30px\" aria-hidden=\"true\" class=\"wp-block-spacer\"><\/div>\n","protected":false},"excerpt":{"rendered":"<p>The Princess Charlene of Monaco Foundation is committed to building a world where children [&hellip;]<\/p>\n","protected":false},"author":1,"featured_media":2469,"parent":0,"menu_order":2,"comment_status":"closed","ping_status":"closed","template":"","meta":{"_acf_changed":false,"footnotes":""},"class_list":["post-3193","page","type-page","status-publish","has-post-thumbnail","hentry"],"acf":[],"yoast_head":"<!-- This site is optimized with the Yoast SEO plugin v27.3 - https:\/\/yoast.com\/product\/yoast-seo-wordpress\/ -->\n<title>Missions - Fondation Princesse Charl\u00e8ne de Monaco<\/title>\n<meta name=\"description\" content=\"The Princess Charlene of Monaco Foundation is committed to building a world where children from all backgrounds can thrive in a safe environment and learn to live together. The Foundation strives to prevent drowning and to develop the education of children through the values of sport.\" \/>\n<meta name=\"robots\" content=\"index, follow, max-snippet:-1, max-image-preview:large, max-video-preview:-1\" \/>\n<link rel=\"canonical\" href=\"https:\/\/www.fondationprincessecharlene.mc\/en\/missions\" \/>\n<meta property=\"og:locale\" content=\"en_US\" \/>\n<meta property=\"og:type\" content=\"article\" \/>\n<meta property=\"og:title\" content=\"Missions - Fondation Princesse Charl\u00e8ne de Monaco\" \/>\n<meta property=\"og:description\" content=\"The Princess Charlene of Monaco Foundation is committed to building a world where children from all backgrounds can thrive in a safe environment and learn to live together. The Foundation strives to prevent drowning and to develop the education of children through the values of sport.\" \/>\n<meta property=\"og:url\" content=\"https:\/\/www.fondationprincessecharlene.mc\/en\/missions\" \/>\n<meta property=\"og:site_name\" content=\"Fondation Princesse Charl\u00e8ne de Monaco\" \/>\n<meta property=\"article:publisher\" content=\"https:\/\/www.facebook.com\/fondationprincessecharlenedemonaco\" \/>\n<meta property=\"article:modified_time\" content=\"2023-01-17T15:13:40+00:00\" \/>\n<meta property=\"og:image\" content=\"https:\/\/www.fondationprincessecharlene.mc\/wp-content\/uploads\/2022\/08\/Presentation-scaled.jpg\" \/>\n\t<meta property=\"og:image:width\" content=\"2560\" \/>\n\t<meta property=\"og:image:height\" content=\"1707\" \/>\n\t<meta property=\"og:image:type\" content=\"image\/jpeg\" \/>\n<meta name=\"twitter:card\" content=\"summary_large_image\" \/>\n<meta name=\"twitter:label1\" content=\"Est. reading time\" \/>\n\t<meta name=\"twitter:data1\" content=\"3 minutes\" \/>\n<script type=\"application\/ld+json\" class=\"yoast-schema-graph\">{\"@context\":\"https:\\\/\\\/schema.org\",\"@graph\":[{\"@type\":\"WebPage\",\"@id\":\"https:\\\/\\\/www.fondationprincessecharlene.mc\\\/en\\\/missions\",\"url\":\"https:\\\/\\\/www.fondationprincessecharlene.mc\\\/en\\\/missions\",\"name\":\"Missions - Fondation Princesse Charl\u00e8ne de Monaco\",\"isPartOf\":{\"@id\":\"https:\\\/\\\/www.fondationprincessecharlene.mc\\\/en#website\"},\"primaryImageOfPage\":{\"@id\":\"https:\\\/\\\/www.fondationprincessecharlene.mc\\\/en\\\/missions#primaryimage\"},\"image\":{\"@id\":\"https:\\\/\\\/www.fondationprincessecharlene.mc\\\/en\\\/missions#primaryimage\"},\"thumbnailUrl\":\"https:\\\/\\\/www.fondationprincessecharlene.mc\\\/wp-content\\\/uploads\\\/2022\\\/08\\\/Presentation-scaled.jpg\",\"datePublished\":\"2022-04-15T09:39:41+00:00\",\"dateModified\":\"2023-01-17T15:13:40+00:00\",\"description\":\"The Princess Charlene of Monaco Foundation is committed to building a world where children from all backgrounds can thrive in a safe environment and learn to live together. The Foundation strives to prevent drowning and to develop the education of children through the values of sport.\",\"breadcrumb\":{\"@id\":\"https:\\\/\\\/www.fondationprincessecharlene.mc\\\/en\\\/missions#breadcrumb\"},\"inLanguage\":\"en-US\",\"potentialAction\":[{\"@type\":\"ReadAction\",\"target\":[\"https:\\\/\\\/www.fondationprincessecharlene.mc\\\/en\\\/missions\"]}]},{\"@type\":\"ImageObject\",\"inLanguage\":\"en-US\",\"@id\":\"https:\\\/\\\/www.fondationprincessecharlene.mc\\\/en\\\/missions#primaryimage\",\"url\":\"https:\\\/\\\/www.fondationprincessecharlene.mc\\\/wp-content\\\/uploads\\\/2022\\\/08\\\/Presentation-scaled.jpg\",\"contentUrl\":\"https:\\\/\\\/www.fondationprincessecharlene.mc\\\/wp-content\\\/uploads\\\/2022\\\/08\\\/Presentation-scaled.jpg\",\"width\":2560,\"height\":1707},{\"@type\":\"BreadcrumbList\",\"@id\":\"https:\\\/\\\/www.fondationprincessecharlene.mc\\\/en\\\/missions#breadcrumb\",\"itemListElement\":[{\"@type\":\"ListItem\",\"position\":1,\"name\":\"Accueil\",\"item\":\"https:\\\/\\\/www.fondationprincessecharlene.mc\\\/en\"},{\"@type\":\"ListItem\",\"position\":2,\"name\":\"Missions\"}]},{\"@type\":\"WebSite\",\"@id\":\"https:\\\/\\\/www.fondationprincessecharlene.mc\\\/en#website\",\"url\":\"https:\\\/\\\/www.fondationprincessecharlene.mc\\\/en\",\"name\":\"Fondation Princesse Charl\u00e8ne de Monaco\",\"description\":\"La Fondation Princesse Charl\u00e8ne de Monaco s&#039;engage pour un monde meilleur o\u00f9 les enfants de toute origine peuvent s&#039;\u00e9panouir en s\u00e9curit\u00e9 et apprendre \u00e0 vivre ensemble.\",\"publisher\":{\"@id\":\"https:\\\/\\\/www.fondationprincessecharlene.mc\\\/en#organization\"},\"potentialAction\":[{\"@type\":\"SearchAction\",\"target\":{\"@type\":\"EntryPoint\",\"urlTemplate\":\"https:\\\/\\\/www.fondationprincessecharlene.mc\\\/en?s={search_term_string}\"},\"query-input\":{\"@type\":\"PropertyValueSpecification\",\"valueRequired\":true,\"valueName\":\"search_term_string\"}}],\"inLanguage\":\"en-US\"},{\"@type\":\"Organization\",\"@id\":\"https:\\\/\\\/www.fondationprincessecharlene.mc\\\/en#organization\",\"name\":\"Fondation Princesse Charl\u00e8ne de Monaco\",\"url\":\"https:\\\/\\\/www.fondationprincessecharlene.mc\\\/en\",\"logo\":{\"@type\":\"ImageObject\",\"inLanguage\":\"en-US\",\"@id\":\"https:\\\/\\\/www.fondationprincessecharlene.mc\\\/en#\\\/schema\\\/logo\\\/image\\\/\",\"url\":\"https:\\\/\\\/www.fondationprincessecharlene.mc\\\/wp-content\\\/uploads\\\/2022\\\/04\\\/logo-princesse-charlene-de-monaco-fondation.png\",\"contentUrl\":\"https:\\\/\\\/www.fondationprincessecharlene.mc\\\/wp-content\\\/uploads\\\/2022\\\/04\\\/logo-princesse-charlene-de-monaco-fondation.png\",\"width\":645,\"height\":263,\"caption\":\"Fondation Princesse Charl\u00e8ne de Monaco\"},\"image\":{\"@id\":\"https:\\\/\\\/www.fondationprincessecharlene.mc\\\/en#\\\/schema\\\/logo\\\/image\\\/\"},\"sameAs\":[\"https:\\\/\\\/www.facebook.com\\\/fondationprincessecharlenedemonaco\"]}]}<\/script>\n<!-- \/ Yoast SEO plugin. -->","yoast_head_json":{"title":"Missions - Fondation Princesse Charl\u00e8ne de Monaco","description":"The Princess Charlene of Monaco Foundation is committed to building a world where children from all backgrounds can thrive in a safe environment and learn to live together. The Foundation strives to prevent drowning and to develop the education of children through the values of sport.","robots":{"index":"index","follow":"follow","max-snippet":"max-snippet:-1","max-image-preview":"max-image-preview:large","max-video-preview":"max-video-preview:-1"},"canonical":"https:\/\/www.fondationprincessecharlene.mc\/en\/missions","og_locale":"en_US","og_type":"article","og_title":"Missions - Fondation Princesse Charl\u00e8ne de Monaco","og_description":"The Princess Charlene of Monaco Foundation is committed to building a world where children from all backgrounds can thrive in a safe environment and learn to live together. The Foundation strives to prevent drowning and to develop the education of children through the values of sport.","og_url":"https:\/\/www.fondationprincessecharlene.mc\/en\/missions","og_site_name":"Fondation Princesse Charl\u00e8ne de Monaco","article_publisher":"https:\/\/www.facebook.com\/fondationprincessecharlenedemonaco","article_modified_time":"2023-01-17T15:13:40+00:00","og_image":[{"width":2560,"height":1707,"url":"https:\/\/www.fondationprincessecharlene.mc\/wp-content\/uploads\/2022\/08\/Presentation-scaled.jpg","type":"image\/jpeg"}],"twitter_card":"summary_large_image","twitter_misc":{"Est. reading time":"3 minutes"},"schema":{"@context":"https:\/\/schema.org","@graph":[{"@type":"WebPage","@id":"https:\/\/www.fondationprincessecharlene.mc\/en\/missions","url":"https:\/\/www.fondationprincessecharlene.mc\/en\/missions","name":"Missions - Fondation Princesse Charl\u00e8ne de Monaco","isPartOf":{"@id":"https:\/\/www.fondationprincessecharlene.mc\/en#website"},"primaryImageOfPage":{"@id":"https:\/\/www.fondationprincessecharlene.mc\/en\/missions#primaryimage"},"image":{"@id":"https:\/\/www.fondationprincessecharlene.mc\/en\/missions#primaryimage"},"thumbnailUrl":"https:\/\/www.fondationprincessecharlene.mc\/wp-content\/uploads\/2022\/08\/Presentation-scaled.jpg","datePublished":"2022-04-15T09:39:41+00:00","dateModified":"2023-01-17T15:13:40+00:00","description":"The Princess Charlene of Monaco Foundation is committed to building a world where children from all backgrounds can thrive in a safe environment and learn to live together. The Foundation strives to prevent drowning and to develop the education of children through the values of sport.","breadcrumb":{"@id":"https:\/\/www.fondationprincessecharlene.mc\/en\/missions#breadcrumb"},"inLanguage":"en-US","potentialAction":[{"@type":"ReadAction","target":["https:\/\/www.fondationprincessecharlene.mc\/en\/missions"]}]},{"@type":"ImageObject","inLanguage":"en-US","@id":"https:\/\/www.fondationprincessecharlene.mc\/en\/missions#primaryimage","url":"https:\/\/www.fondationprincessecharlene.mc\/wp-content\/uploads\/2022\/08\/Presentation-scaled.jpg","contentUrl":"https:\/\/www.fondationprincessecharlene.mc\/wp-content\/uploads\/2022\/08\/Presentation-scaled.jpg","width":2560,"height":1707},{"@type":"BreadcrumbList","@id":"https:\/\/www.fondationprincessecharlene.mc\/en\/missions#breadcrumb","itemListElement":[{"@type":"ListItem","position":1,"name":"Accueil","item":"https:\/\/www.fondationprincessecharlene.mc\/en"},{"@type":"ListItem","position":2,"name":"Missions"}]},{"@type":"WebSite","@id":"https:\/\/www.fondationprincessecharlene.mc\/en#website","url":"https:\/\/www.fondationprincessecharlene.mc\/en","name":"Fondation Princesse Charl\u00e8ne de Monaco","description":"La Fondation Princesse Charl\u00e8ne de Monaco s&#039;engage pour un monde meilleur o\u00f9 les enfants de toute origine peuvent s&#039;\u00e9panouir en s\u00e9curit\u00e9 et apprendre \u00e0 vivre ensemble.","publisher":{"@id":"https:\/\/www.fondationprincessecharlene.mc\/en#organization"},"potentialAction":[{"@type":"SearchAction","target":{"@type":"EntryPoint","urlTemplate":"https:\/\/www.fondationprincessecharlene.mc\/en?s={search_term_string}"},"query-input":{"@type":"PropertyValueSpecification","valueRequired":true,"valueName":"search_term_string"}}],"inLanguage":"en-US"},{"@type":"Organization","@id":"https:\/\/www.fondationprincessecharlene.mc\/en#organization","name":"Fondation Princesse Charl\u00e8ne de Monaco","url":"https:\/\/www.fondationprincessecharlene.mc\/en","logo":{"@type":"ImageObject","inLanguage":"en-US","@id":"https:\/\/www.fondationprincessecharlene.mc\/en#\/schema\/logo\/image\/","url":"https:\/\/www.fondationprincessecharlene.mc\/wp-content\/uploads\/2022\/04\/logo-princesse-charlene-de-monaco-fondation.png","contentUrl":"https:\/\/www.fondationprincessecharlene.mc\/wp-content\/uploads\/2022\/04\/logo-princesse-charlene-de-monaco-fondation.png","width":645,"height":263,"caption":"Fondation Princesse Charl\u00e8ne de Monaco"},"image":{"@id":"https:\/\/www.fondationprincessecharlene.mc\/en#\/schema\/logo\/image\/"},"sameAs":["https:\/\/www.facebook.com\/fondationprincessecharlenedemonaco"]}]}},"_links":{"self":[{"href":"https:\/\/www.fondationprincessecharlene.mc\/en\/wp-json\/wp\/v2\/pages\/3193","targetHints":{"allow":["GET"]}}],"collection":[{"href":"https:\/\/www.fondationprincessecharlene.mc\/en\/wp-json\/wp\/v2\/pages"}],"about":[{"href":"https:\/\/www.fondationprincessecharlene.mc\/en\/wp-json\/wp\/v2\/types\/page"}],"author":[{"embeddable":true,"href":"https:\/\/www.fondationprincessecharlene.mc\/en\/wp-json\/wp\/v2\/users\/1"}],"replies":[{"embeddable":true,"href":"https:\/\/www.fondationprincessecharlene.mc\/en\/wp-json\/wp\/v2\/comments?post=3193"}],"version-history":[{"count":3,"href":"https:\/\/www.fondationprincessecharlene.mc\/en\/wp-json\/wp\/v2\/pages\/3193\/revisions"}],"predecessor-version":[{"id":4178,"href":"https:\/\/www.fondationprincessecharlene.mc\/en\/wp-json\/wp\/v2\/pages\/3193\/revisions\/4178"}],"wp:featuredmedia":[{"embeddable":true,"href":"https:\/\/www.fondationprincessecharlene.mc\/en\/wp-json\/wp\/v2\/media\/2469"}],"wp:attachment":[{"href":"https:\/\/www.fondationprincessecharlene.mc\/en\/wp-json\/wp\/v2\/media?parent=3193"}],"curies":[{"name":"wp","href":"https:\/\/api.w.org\/{rel}","templated":true}]}}