{"id":3195,"date":"2022-04-15T11:34:31","date_gmt":"2022-04-15T09:34:31","guid":{"rendered":"https:\/\/www.fondationprincessecharlene.mc\/s-a-s-la-princesse-charlene"},"modified":"2024-09-24T11:05:08","modified_gmt":"2024-09-24T09:05:08","slug":"s-a-s-la-princesse-charlene-2","status":"publish","type":"page","link":"https:\/\/www.fondationprincessecharlene.mc\/en\/s-a-s-la-princesse-charlene-2","title":{"rendered":"H.S.H. Princess Charlene"},"content":{"rendered":"\n<p class=\"has-medium-font-size\"><strong>&#8220;Drowning is a global health concern, but solutions exist to prevent avoidable injuries.<\/strong>&#8220;<\/p>\n\n\n\n<div class=\"wp-block-media-text alignwide is-stacked-on-mobile is-vertically-aligned-center\" style=\"grid-template-columns:37% auto\"><figure class=\"wp-block-media-text__media\"><img decoding=\"async\" width=\"683\" height=\"1024\" src=\"https:\/\/www.fondationprincessecharlene.mc\/wp-content\/uploads\/2024\/09\/Portrait-Princesse-683x1024.jpg\" alt=\"\" class=\"wp-image-6812 size-full\" srcset=\"https:\/\/www.fondationprincessecharlene.mc\/wp-content\/uploads\/2024\/09\/Portrait-Princesse-683x1024.jpg 683w, https:\/\/www.fondationprincessecharlene.mc\/wp-content\/uploads\/2024\/09\/Portrait-Princesse-200x300.jpg 200w, https:\/\/www.fondationprincessecharlene.mc\/wp-content\/uploads\/2024\/09\/Portrait-Princesse-768x1151.jpg 768w, https:\/\/www.fondationprincessecharlene.mc\/wp-content\/uploads\/2024\/09\/Portrait-Princesse-1025x1536.jpg 1025w, https:\/\/www.fondationprincessecharlene.mc\/wp-content\/uploads\/2024\/09\/Portrait-Princesse-1367x2048.jpg 1367w, https:\/\/www.fondationprincessecharlene.mc\/wp-content\/uploads\/2024\/09\/Portrait-Princesse-scaled.jpg 1708w\" sizes=\"(max-width: 683px) 100vw, 683px\" \/><\/figure><div class=\"wp-block-media-text__content\">\n<p>I created My foundation to offer children better opportunities, show them the way through the values of sport and solidarity, and reduce deaths by drowning worldwide.&nbsp;Growing up in South Africa, I witnessed numerous times the devastating reality of drowning &#8211; as many children are not always prepared to face water hazards.&nbsp;<\/p>\n\n\n\n<p>Too many children die from drowning every year because they do not know how to swim, even though just a few lessons could save their lives and make them feel more confident in the water.<\/p>\n\n\n\n<p>As an Olympic athlete, I had the chance to recognise the positive impact that sport can have on an individual. Sport inspires us and gives us hope, and it can unite people and countries. Teaching children the values of discipline, teamwork and respect for oneself and others will enable them to lead safe and fulfilled lives.<\/p>\n<\/div><\/div>\n\n\n\n<p>My foundation spreads knowledge, skills, tools, and know-how for people to survive and expand in water environments. We strive to deliver swimming lessons, water safety courses and sport activities to even the most remote and impoverished regions, one community at a time, one person at a time.<\/p>\n\n\n\n<p>No project is too small, no action is isolated, and each encouragement we bring to communities heralds a better future.&nbsp;<\/p>\n\n\n\n<div style=\"height:29px\" aria-hidden=\"true\" class=\"wp-block-spacer\"><\/div>\n\n\n\n<p>I am proud of what we have achieved thus far, and I am sure that we can still achieve more. Together, we can prevent drowning and secure a future for our children.&#8221;<\/p>\n\n\n\n<div style=\"height:21px\" aria-hidden=\"true\" class=\"wp-block-spacer\"><\/div>\n\n\n\n<p><strong><em>Her Serene Highness Princess Charlene of Monaco<\/em><\/strong><\/p>\n\n\n\n<div style=\"height:29px\" aria-hidden=\"true\" class=\"wp-block-spacer\"><\/div>\n\n\n\n<figure class=\"wp-block-embed is-type-video is-provider-youtube wp-block-embed-youtube wp-embed-aspect-16-9 wp-has-aspect-ratio\"><div class=\"wp-block-embed__wrapper\">\n<iframe loading=\"lazy\" title=\"H.S.H. Princess Charlene - A Foundation to save lives\" width=\"500\" height=\"281\" src=\"https:\/\/www.youtube.com\/embed\/NJ5_HkVHLdQ?feature=oembed\" frameborder=\"0\" allow=\"accelerometer; autoplay; clipboard-write; encrypted-media; gyroscope; picture-in-picture; web-share\" referrerpolicy=\"strict-origin-when-cross-origin\" allowfullscreen><\/iframe>\n<\/div><\/figure>\n\n\n<div class=\"wp-block-image\">\n<figure class=\"aligncenter size-large is-resized\"><img decoding=\"async\" width=\"1024\" height=\"657\" src=\"https:\/\/www.fondationprincessecharlene.mc\/wp-content\/uploads\/2022\/07\/WS-Day-Santa-Monica-2016-1-1024x657.jpg\" alt=\"\" class=\"wp-image-1051\" style=\"width:863px;height:553px\" srcset=\"https:\/\/www.fondationprincessecharlene.mc\/wp-content\/uploads\/2022\/07\/WS-Day-Santa-Monica-2016-1-1024x657.jpg 1024w, https:\/\/www.fondationprincessecharlene.mc\/wp-content\/uploads\/2022\/07\/WS-Day-Santa-Monica-2016-1-300x192.jpg 300w, https:\/\/www.fondationprincessecharlene.mc\/wp-content\/uploads\/2022\/07\/WS-Day-Santa-Monica-2016-1-768x493.jpg 768w, https:\/\/www.fondationprincessecharlene.mc\/wp-content\/uploads\/2022\/07\/WS-Day-Santa-Monica-2016-1-1536x985.jpg 1536w, https:\/\/www.fondationprincessecharlene.mc\/wp-content\/uploads\/2022\/07\/WS-Day-Santa-Monica-2016-1-2048x1313.jpg 2048w\" sizes=\"(max-width: 1024px) 100vw, 1024px\" \/><\/figure>\n<\/div>","protected":false},"excerpt":{"rendered":"<p>&#8220;Drowning is a global health concern, but solutions exist to prevent avoidable injuries.&#8220; I [&hellip;]<\/p>\n","protected":false},"author":1,"featured_media":2396,"parent":0,"menu_order":1,"comment_status":"closed","ping_status":"closed","template":"","meta":{"_acf_changed":false,"footnotes":""},"class_list":["post-3195","page","type-page","status-publish","has-post-thumbnail","hentry"],"acf":[],"yoast_head":"<!-- This site is optimized with the Yoast SEO plugin v27.4 - https:\/\/yoast.com\/product\/yoast-seo-wordpress\/ -->\n<title>H.S.H. Princess Charlene - Fondation Princesse Charl\u00e8ne de Monaco<\/title>\n<meta name=\"description\" content=\"&quot;Drowning is a global health concern, but solutions exist to prevent avoidable injueathries.&quot;\" \/>\n<meta name=\"robots\" content=\"index, follow, max-snippet:-1, max-image-preview:large, max-video-preview:-1\" \/>\n<link rel=\"canonical\" href=\"https:\/\/www.fondationprincessecharlene.mc\/en\/s-a-s-la-princesse-charlene-2\" \/>\n<meta property=\"og:locale\" content=\"en_US\" \/>\n<meta property=\"og:type\" content=\"article\" \/>\n<meta property=\"og:title\" content=\"H.S.H. Princess Charlene - Fondation Princesse Charl\u00e8ne de Monaco\" \/>\n<meta property=\"og:description\" content=\"&quot;Drowning is a global health concern, but solutions exist to prevent avoidable injueathries.&quot;\" \/>\n<meta property=\"og:url\" content=\"https:\/\/www.fondationprincessecharlene.mc\/en\/s-a-s-la-princesse-charlene-2\" \/>\n<meta property=\"og:site_name\" content=\"Fondation Princesse Charl\u00e8ne de Monaco\" \/>\n<meta property=\"article:publisher\" content=\"https:\/\/www.facebook.com\/fondationprincessecharlenedemonaco\" \/>\n<meta property=\"article:modified_time\" content=\"2024-09-24T09:05:08+00:00\" \/>\n<meta property=\"og:image\" content=\"https:\/\/www.fondationprincessecharlene.mc\/wp-content\/uploads\/2022\/07\/WS-Day-Corse-2015-10-scaled.jpg\" \/>\n\t<meta property=\"og:image:width\" content=\"2560\" \/>\n\t<meta property=\"og:image:height\" content=\"1707\" \/>\n\t<meta property=\"og:image:type\" content=\"image\/jpeg\" \/>\n<meta name=\"twitter:card\" content=\"summary_large_image\" \/>\n<meta name=\"twitter:label1\" content=\"Est. reading time\" \/>\n\t<meta name=\"twitter:data1\" content=\"2 minutes\" \/>\n<script type=\"application\/ld+json\" class=\"yoast-schema-graph\">{\"@context\":\"https:\\\/\\\/schema.org\",\"@graph\":[{\"@type\":\"WebPage\",\"@id\":\"https:\\\/\\\/www.fondationprincessecharlene.mc\\\/en\\\/s-a-s-la-princesse-charlene-2\",\"url\":\"https:\\\/\\\/www.fondationprincessecharlene.mc\\\/en\\\/s-a-s-la-princesse-charlene-2\",\"name\":\"H.S.H. Princess Charlene - Fondation Princesse Charl\u00e8ne de Monaco\",\"isPartOf\":{\"@id\":\"https:\\\/\\\/www.fondationprincessecharlene.mc\\\/en#website\"},\"primaryImageOfPage\":{\"@id\":\"https:\\\/\\\/www.fondationprincessecharlene.mc\\\/en\\\/s-a-s-la-princesse-charlene-2#primaryimage\"},\"image\":{\"@id\":\"https:\\\/\\\/www.fondationprincessecharlene.mc\\\/en\\\/s-a-s-la-princesse-charlene-2#primaryimage\"},\"thumbnailUrl\":\"https:\\\/\\\/www.fondationprincessecharlene.mc\\\/wp-content\\\/uploads\\\/2022\\\/07\\\/WS-Day-Corse-2015-10-scaled.jpg\",\"datePublished\":\"2022-04-15T09:34:31+00:00\",\"dateModified\":\"2024-09-24T09:05:08+00:00\",\"description\":\"\\\"Drowning is a global health concern, but solutions exist to prevent avoidable injueathries.\\\"\",\"breadcrumb\":{\"@id\":\"https:\\\/\\\/www.fondationprincessecharlene.mc\\\/en\\\/s-a-s-la-princesse-charlene-2#breadcrumb\"},\"inLanguage\":\"en-US\",\"potentialAction\":[{\"@type\":\"ReadAction\",\"target\":[\"https:\\\/\\\/www.fondationprincessecharlene.mc\\\/en\\\/s-a-s-la-princesse-charlene-2\"]}]},{\"@type\":\"ImageObject\",\"inLanguage\":\"en-US\",\"@id\":\"https:\\\/\\\/www.fondationprincessecharlene.mc\\\/en\\\/s-a-s-la-princesse-charlene-2#primaryimage\",\"url\":\"https:\\\/\\\/www.fondationprincessecharlene.mc\\\/wp-content\\\/uploads\\\/2022\\\/07\\\/WS-Day-Corse-2015-10-scaled.jpg\",\"contentUrl\":\"https:\\\/\\\/www.fondationprincessecharlene.mc\\\/wp-content\\\/uploads\\\/2022\\\/07\\\/WS-Day-Corse-2015-10-scaled.jpg\",\"width\":2560,\"height\":1707},{\"@type\":\"BreadcrumbList\",\"@id\":\"https:\\\/\\\/www.fondationprincessecharlene.mc\\\/en\\\/s-a-s-la-princesse-charlene-2#breadcrumb\",\"itemListElement\":[{\"@type\":\"ListItem\",\"position\":1,\"name\":\"Accueil\",\"item\":\"https:\\\/\\\/www.fondationprincessecharlene.mc\\\/en\"},{\"@type\":\"ListItem\",\"position\":2,\"name\":\"H.S.H. Princess Charlene\"}]},{\"@type\":\"WebSite\",\"@id\":\"https:\\\/\\\/www.fondationprincessecharlene.mc\\\/en#website\",\"url\":\"https:\\\/\\\/www.fondationprincessecharlene.mc\\\/en\",\"name\":\"Fondation Princesse Charl\u00e8ne de Monaco\",\"description\":\"La Fondation Princesse Charl\u00e8ne de Monaco s&#039;engage pour un monde meilleur o\u00f9 les enfants de toute origine peuvent s&#039;\u00e9panouir en s\u00e9curit\u00e9 et apprendre \u00e0 vivre ensemble.\",\"publisher\":{\"@id\":\"https:\\\/\\\/www.fondationprincessecharlene.mc\\\/en#organization\"},\"potentialAction\":[{\"@type\":\"SearchAction\",\"target\":{\"@type\":\"EntryPoint\",\"urlTemplate\":\"https:\\\/\\\/www.fondationprincessecharlene.mc\\\/en?s={search_term_string}\"},\"query-input\":{\"@type\":\"PropertyValueSpecification\",\"valueRequired\":true,\"valueName\":\"search_term_string\"}}],\"inLanguage\":\"en-US\"},{\"@type\":\"Organization\",\"@id\":\"https:\\\/\\\/www.fondationprincessecharlene.mc\\\/en#organization\",\"name\":\"Fondation Princesse Charl\u00e8ne de Monaco\",\"url\":\"https:\\\/\\\/www.fondationprincessecharlene.mc\\\/en\",\"logo\":{\"@type\":\"ImageObject\",\"inLanguage\":\"en-US\",\"@id\":\"https:\\\/\\\/www.fondationprincessecharlene.mc\\\/en#\\\/schema\\\/logo\\\/image\\\/\",\"url\":\"https:\\\/\\\/www.fondationprincessecharlene.mc\\\/wp-content\\\/uploads\\\/2022\\\/04\\\/logo-princesse-charlene-de-monaco-fondation.png\",\"contentUrl\":\"https:\\\/\\\/www.fondationprincessecharlene.mc\\\/wp-content\\\/uploads\\\/2022\\\/04\\\/logo-princesse-charlene-de-monaco-fondation.png\",\"width\":645,\"height\":263,\"caption\":\"Fondation Princesse Charl\u00e8ne de Monaco\"},\"image\":{\"@id\":\"https:\\\/\\\/www.fondationprincessecharlene.mc\\\/en#\\\/schema\\\/logo\\\/image\\\/\"},\"sameAs\":[\"https:\\\/\\\/www.facebook.com\\\/fondationprincessecharlenedemonaco\"]}]}<\/script>\n<!-- \/ Yoast SEO plugin. -->","yoast_head_json":{"title":"H.S.H. Princess Charlene - Fondation Princesse Charl\u00e8ne de Monaco","description":"\"Drowning is a global health concern, but solutions exist to prevent avoidable injueathries.\"","robots":{"index":"index","follow":"follow","max-snippet":"max-snippet:-1","max-image-preview":"max-image-preview:large","max-video-preview":"max-video-preview:-1"},"canonical":"https:\/\/www.fondationprincessecharlene.mc\/en\/s-a-s-la-princesse-charlene-2","og_locale":"en_US","og_type":"article","og_title":"H.S.H. Princess Charlene - Fondation Princesse Charl\u00e8ne de Monaco","og_description":"\"Drowning is a global health concern, but solutions exist to prevent avoidable injueathries.\"","og_url":"https:\/\/www.fondationprincessecharlene.mc\/en\/s-a-s-la-princesse-charlene-2","og_site_name":"Fondation Princesse Charl\u00e8ne de Monaco","article_publisher":"https:\/\/www.facebook.com\/fondationprincessecharlenedemonaco","article_modified_time":"2024-09-24T09:05:08+00:00","og_image":[{"width":2560,"height":1707,"url":"https:\/\/www.fondationprincessecharlene.mc\/wp-content\/uploads\/2022\/07\/WS-Day-Corse-2015-10-scaled.jpg","type":"image\/jpeg"}],"twitter_card":"summary_large_image","twitter_misc":{"Est. reading time":"2 minutes"},"schema":{"@context":"https:\/\/schema.org","@graph":[{"@type":"WebPage","@id":"https:\/\/www.fondationprincessecharlene.mc\/en\/s-a-s-la-princesse-charlene-2","url":"https:\/\/www.fondationprincessecharlene.mc\/en\/s-a-s-la-princesse-charlene-2","name":"H.S.H. Princess Charlene - Fondation Princesse Charl\u00e8ne de Monaco","isPartOf":{"@id":"https:\/\/www.fondationprincessecharlene.mc\/en#website"},"primaryImageOfPage":{"@id":"https:\/\/www.fondationprincessecharlene.mc\/en\/s-a-s-la-princesse-charlene-2#primaryimage"},"image":{"@id":"https:\/\/www.fondationprincessecharlene.mc\/en\/s-a-s-la-princesse-charlene-2#primaryimage"},"thumbnailUrl":"https:\/\/www.fondationprincessecharlene.mc\/wp-content\/uploads\/2022\/07\/WS-Day-Corse-2015-10-scaled.jpg","datePublished":"2022-04-15T09:34:31+00:00","dateModified":"2024-09-24T09:05:08+00:00","description":"\"Drowning is a global health concern, but solutions exist to prevent avoidable injueathries.\"","breadcrumb":{"@id":"https:\/\/www.fondationprincessecharlene.mc\/en\/s-a-s-la-princesse-charlene-2#breadcrumb"},"inLanguage":"en-US","potentialAction":[{"@type":"ReadAction","target":["https:\/\/www.fondationprincessecharlene.mc\/en\/s-a-s-la-princesse-charlene-2"]}]},{"@type":"ImageObject","inLanguage":"en-US","@id":"https:\/\/www.fondationprincessecharlene.mc\/en\/s-a-s-la-princesse-charlene-2#primaryimage","url":"https:\/\/www.fondationprincessecharlene.mc\/wp-content\/uploads\/2022\/07\/WS-Day-Corse-2015-10-scaled.jpg","contentUrl":"https:\/\/www.fondationprincessecharlene.mc\/wp-content\/uploads\/2022\/07\/WS-Day-Corse-2015-10-scaled.jpg","width":2560,"height":1707},{"@type":"BreadcrumbList","@id":"https:\/\/www.fondationprincessecharlene.mc\/en\/s-a-s-la-princesse-charlene-2#breadcrumb","itemListElement":[{"@type":"ListItem","position":1,"name":"Accueil","item":"https:\/\/www.fondationprincessecharlene.mc\/en"},{"@type":"ListItem","position":2,"name":"H.S.H. Princess Charlene"}]},{"@type":"WebSite","@id":"https:\/\/www.fondationprincessecharlene.mc\/en#website","url":"https:\/\/www.fondationprincessecharlene.mc\/en","name":"Fondation Princesse Charl\u00e8ne de Monaco","description":"La Fondation Princesse Charl\u00e8ne de Monaco s&#039;engage pour un monde meilleur o\u00f9 les enfants de toute origine peuvent s&#039;\u00e9panouir en s\u00e9curit\u00e9 et apprendre \u00e0 vivre ensemble.","publisher":{"@id":"https:\/\/www.fondationprincessecharlene.mc\/en#organization"},"potentialAction":[{"@type":"SearchAction","target":{"@type":"EntryPoint","urlTemplate":"https:\/\/www.fondationprincessecharlene.mc\/en?s={search_term_string}"},"query-input":{"@type":"PropertyValueSpecification","valueRequired":true,"valueName":"search_term_string"}}],"inLanguage":"en-US"},{"@type":"Organization","@id":"https:\/\/www.fondationprincessecharlene.mc\/en#organization","name":"Fondation Princesse Charl\u00e8ne de Monaco","url":"https:\/\/www.fondationprincessecharlene.mc\/en","logo":{"@type":"ImageObject","inLanguage":"en-US","@id":"https:\/\/www.fondationprincessecharlene.mc\/en#\/schema\/logo\/image\/","url":"https:\/\/www.fondationprincessecharlene.mc\/wp-content\/uploads\/2022\/04\/logo-princesse-charlene-de-monaco-fondation.png","contentUrl":"https:\/\/www.fondationprincessecharlene.mc\/wp-content\/uploads\/2022\/04\/logo-princesse-charlene-de-monaco-fondation.png","width":645,"height":263,"caption":"Fondation Princesse Charl\u00e8ne de Monaco"},"image":{"@id":"https:\/\/www.fondationprincessecharlene.mc\/en#\/schema\/logo\/image\/"},"sameAs":["https:\/\/www.facebook.com\/fondationprincessecharlenedemonaco"]}]}},"_links":{"self":[{"href":"https:\/\/www.fondationprincessecharlene.mc\/en\/wp-json\/wp\/v2\/pages\/3195","targetHints":{"allow":["GET"]}}],"collection":[{"href":"https:\/\/www.fondationprincessecharlene.mc\/en\/wp-json\/wp\/v2\/pages"}],"about":[{"href":"https:\/\/www.fondationprincessecharlene.mc\/en\/wp-json\/wp\/v2\/types\/page"}],"author":[{"embeddable":true,"href":"https:\/\/www.fondationprincessecharlene.mc\/en\/wp-json\/wp\/v2\/users\/1"}],"replies":[{"embeddable":true,"href":"https:\/\/www.fondationprincessecharlene.mc\/en\/wp-json\/wp\/v2\/comments?post=3195"}],"version-history":[{"count":4,"href":"https:\/\/www.fondationprincessecharlene.mc\/en\/wp-json\/wp\/v2\/pages\/3195\/revisions"}],"predecessor-version":[{"id":6814,"href":"https:\/\/www.fondationprincessecharlene.mc\/en\/wp-json\/wp\/v2\/pages\/3195\/revisions\/6814"}],"wp:featuredmedia":[{"embeddable":true,"href":"https:\/\/www.fondationprincessecharlene.mc\/en\/wp-json\/wp\/v2\/media\/2396"}],"wp:attachment":[{"href":"https:\/\/www.fondationprincessecharlene.mc\/en\/wp-json\/wp\/v2\/media?parent=3195"}],"curies":[{"name":"wp","href":"https:\/\/api.w.org\/{rel}","templated":true}]}}