{"id":4711,"date":"2022-04-12T10:28:26","date_gmt":"2022-04-12T08:28:26","guid":{"rendered":"https:\/\/www.fondationprincessecharlene.mc\/?page_id=4711"},"modified":"2023-04-06T18:28:31","modified_gmt":"2023-04-06T16:28:31","slug":"contact-us","status":"publish","type":"page","link":"https:\/\/www.fondationprincessecharlene.mc\/en\/contact-us","title":{"rendered":"Contact us"},"content":{"rendered":"\n<div class=\"wp-block-group\"><div class=\"wp-block-group__inner-container is-layout-flow wp-block-group-is-layout-flow\">\n<div class=\"wp-block-group\"><div class=\"wp-block-group__inner-container is-layout-flow wp-block-group-is-layout-flow\">\n<figure class=\"wp-block-image size-full is-resized\"><img decoding=\"async\" src=\"https:\/\/www.fondationprincessecharlene.mc\/wp-content\/uploads\/2022\/06\/logo-princesse-charlene-de-monaco-fondation-edited-1.png\" alt=\"\" class=\"wp-image-517\" width=\"245\" height=\"178\"\/><\/figure>\n\n\n\n<div class=\"wp-block-group\"><div class=\"wp-block-group__inner-container is-layout-flow wp-block-group-is-layout-flow\">\n<p>Fondation Princesse Charl\u00e8ne de Monaco<br>4, Quai Antoine 1er<br>98000 Monaco<br>Phone: +377 98 98 99 99<\/p>\n<\/div><\/div>\n<\/div><\/div>\n<\/div><\/div>\n","protected":false},"excerpt":{"rendered":"","protected":false},"author":1,"featured_media":0,"parent":0,"menu_order":0,"comment_status":"closed","ping_status":"closed","template":"page-contact.php","meta":{"_acf_changed":false,"footnotes":""},"class_list":["post-4711","page","type-page","status-publish","hentry"],"acf":[],"yoast_head":"<!-- This site is optimized with the Yoast SEO plugin v27.3 - https:\/\/yoast.com\/product\/yoast-seo-wordpress\/ -->\n<title>Contact us - Fondation Princesse Charl\u00e8ne de Monaco<\/title>\n<meta name=\"robots\" content=\"index, follow, max-snippet:-1, max-image-preview:large, max-video-preview:-1\" \/>\n<link rel=\"canonical\" href=\"https:\/\/www.fondationprincessecharlene.mc\/en\/contact-us\" \/>\n<meta property=\"og:locale\" content=\"en_US\" \/>\n<meta property=\"og:type\" content=\"article\" \/>\n<meta property=\"og:title\" content=\"Contact us - Fondation Princesse Charl\u00e8ne de Monaco\" \/>\n<meta property=\"og:url\" content=\"https:\/\/www.fondationprincessecharlene.mc\/en\/contact-us\" \/>\n<meta property=\"og:site_name\" content=\"Fondation Princesse Charl\u00e8ne de Monaco\" \/>\n<meta property=\"article:publisher\" content=\"https:\/\/www.facebook.com\/fondationprincessecharlenedemonaco\" \/>\n<meta property=\"article:modified_time\" content=\"2023-04-06T16:28:31+00:00\" \/>\n<meta name=\"twitter:card\" content=\"summary_large_image\" \/>\n<script type=\"application\/ld+json\" class=\"yoast-schema-graph\">{\"@context\":\"https:\\\/\\\/schema.org\",\"@graph\":[{\"@type\":\"WebPage\",\"@id\":\"https:\\\/\\\/www.fondationprincessecharlene.mc\\\/en\\\/contact-us\",\"url\":\"https:\\\/\\\/www.fondationprincessecharlene.mc\\\/en\\\/contact-us\",\"name\":\"Contact us - Fondation Princesse Charl\u00e8ne de Monaco\",\"isPartOf\":{\"@id\":\"https:\\\/\\\/www.fondationprincessecharlene.mc\\\/en#website\"},\"datePublished\":\"2022-04-12T08:28:26+00:00\",\"dateModified\":\"2023-04-06T16:28:31+00:00\",\"breadcrumb\":{\"@id\":\"https:\\\/\\\/www.fondationprincessecharlene.mc\\\/en\\\/contact-us#breadcrumb\"},\"inLanguage\":\"en-US\",\"potentialAction\":[{\"@type\":\"ReadAction\",\"target\":[\"https:\\\/\\\/www.fondationprincessecharlene.mc\\\/en\\\/contact-us\"]}]},{\"@type\":\"BreadcrumbList\",\"@id\":\"https:\\\/\\\/www.fondationprincessecharlene.mc\\\/en\\\/contact-us#breadcrumb\",\"itemListElement\":[{\"@type\":\"ListItem\",\"position\":1,\"name\":\"Accueil\",\"item\":\"https:\\\/\\\/www.fondationprincessecharlene.mc\\\/en\"},{\"@type\":\"ListItem\",\"position\":2,\"name\":\"Contact us\"}]},{\"@type\":\"WebSite\",\"@id\":\"https:\\\/\\\/www.fondationprincessecharlene.mc\\\/en#website\",\"url\":\"https:\\\/\\\/www.fondationprincessecharlene.mc\\\/en\",\"name\":\"Fondation Princesse Charl\u00e8ne de Monaco\",\"description\":\"La Fondation Princesse Charl\u00e8ne de Monaco s&#039;engage pour un monde meilleur o\u00f9 les enfants de toute origine peuvent s&#039;\u00e9panouir en s\u00e9curit\u00e9 et apprendre \u00e0 vivre ensemble.\",\"publisher\":{\"@id\":\"https:\\\/\\\/www.fondationprincessecharlene.mc\\\/en#organization\"},\"potentialAction\":[{\"@type\":\"SearchAction\",\"target\":{\"@type\":\"EntryPoint\",\"urlTemplate\":\"https:\\\/\\\/www.fondationprincessecharlene.mc\\\/en?s={search_term_string}\"},\"query-input\":{\"@type\":\"PropertyValueSpecification\",\"valueRequired\":true,\"valueName\":\"search_term_string\"}}],\"inLanguage\":\"en-US\"},{\"@type\":\"Organization\",\"@id\":\"https:\\\/\\\/www.fondationprincessecharlene.mc\\\/en#organization\",\"name\":\"Fondation Princesse Charl\u00e8ne de Monaco\",\"url\":\"https:\\\/\\\/www.fondationprincessecharlene.mc\\\/en\",\"logo\":{\"@type\":\"ImageObject\",\"inLanguage\":\"en-US\",\"@id\":\"https:\\\/\\\/www.fondationprincessecharlene.mc\\\/en#\\\/schema\\\/logo\\\/image\\\/\",\"url\":\"https:\\\/\\\/www.fondationprincessecharlene.mc\\\/wp-content\\\/uploads\\\/2022\\\/04\\\/logo-princesse-charlene-de-monaco-fondation.png\",\"contentUrl\":\"https:\\\/\\\/www.fondationprincessecharlene.mc\\\/wp-content\\\/uploads\\\/2022\\\/04\\\/logo-princesse-charlene-de-monaco-fondation.png\",\"width\":645,\"height\":263,\"caption\":\"Fondation Princesse Charl\u00e8ne de Monaco\"},\"image\":{\"@id\":\"https:\\\/\\\/www.fondationprincessecharlene.mc\\\/en#\\\/schema\\\/logo\\\/image\\\/\"},\"sameAs\":[\"https:\\\/\\\/www.facebook.com\\\/fondationprincessecharlenedemonaco\"]}]}<\/script>\n<!-- \/ Yoast SEO plugin. -->","yoast_head_json":{"title":"Contact us - Fondation Princesse Charl\u00e8ne de Monaco","robots":{"index":"index","follow":"follow","max-snippet":"max-snippet:-1","max-image-preview":"max-image-preview:large","max-video-preview":"max-video-preview:-1"},"canonical":"https:\/\/www.fondationprincessecharlene.mc\/en\/contact-us","og_locale":"en_US","og_type":"article","og_title":"Contact us - Fondation Princesse Charl\u00e8ne de Monaco","og_url":"https:\/\/www.fondationprincessecharlene.mc\/en\/contact-us","og_site_name":"Fondation Princesse Charl\u00e8ne de Monaco","article_publisher":"https:\/\/www.facebook.com\/fondationprincessecharlenedemonaco","article_modified_time":"2023-04-06T16:28:31+00:00","twitter_card":"summary_large_image","schema":{"@context":"https:\/\/schema.org","@graph":[{"@type":"WebPage","@id":"https:\/\/www.fondationprincessecharlene.mc\/en\/contact-us","url":"https:\/\/www.fondationprincessecharlene.mc\/en\/contact-us","name":"Contact us - Fondation Princesse Charl\u00e8ne de Monaco","isPartOf":{"@id":"https:\/\/www.fondationprincessecharlene.mc\/en#website"},"datePublished":"2022-04-12T08:28:26+00:00","dateModified":"2023-04-06T16:28:31+00:00","breadcrumb":{"@id":"https:\/\/www.fondationprincessecharlene.mc\/en\/contact-us#breadcrumb"},"inLanguage":"en-US","potentialAction":[{"@type":"ReadAction","target":["https:\/\/www.fondationprincessecharlene.mc\/en\/contact-us"]}]},{"@type":"BreadcrumbList","@id":"https:\/\/www.fondationprincessecharlene.mc\/en\/contact-us#breadcrumb","itemListElement":[{"@type":"ListItem","position":1,"name":"Accueil","item":"https:\/\/www.fondationprincessecharlene.mc\/en"},{"@type":"ListItem","position":2,"name":"Contact us"}]},{"@type":"WebSite","@id":"https:\/\/www.fondationprincessecharlene.mc\/en#website","url":"https:\/\/www.fondationprincessecharlene.mc\/en","name":"Fondation Princesse Charl\u00e8ne de Monaco","description":"La Fondation Princesse Charl\u00e8ne de Monaco s&#039;engage pour un monde meilleur o\u00f9 les enfants de toute origine peuvent s&#039;\u00e9panouir en s\u00e9curit\u00e9 et apprendre \u00e0 vivre ensemble.","publisher":{"@id":"https:\/\/www.fondationprincessecharlene.mc\/en#organization"},"potentialAction":[{"@type":"SearchAction","target":{"@type":"EntryPoint","urlTemplate":"https:\/\/www.fondationprincessecharlene.mc\/en?s={search_term_string}"},"query-input":{"@type":"PropertyValueSpecification","valueRequired":true,"valueName":"search_term_string"}}],"inLanguage":"en-US"},{"@type":"Organization","@id":"https:\/\/www.fondationprincessecharlene.mc\/en#organization","name":"Fondation Princesse Charl\u00e8ne de Monaco","url":"https:\/\/www.fondationprincessecharlene.mc\/en","logo":{"@type":"ImageObject","inLanguage":"en-US","@id":"https:\/\/www.fondationprincessecharlene.mc\/en#\/schema\/logo\/image\/","url":"https:\/\/www.fondationprincessecharlene.mc\/wp-content\/uploads\/2022\/04\/logo-princesse-charlene-de-monaco-fondation.png","contentUrl":"https:\/\/www.fondationprincessecharlene.mc\/wp-content\/uploads\/2022\/04\/logo-princesse-charlene-de-monaco-fondation.png","width":645,"height":263,"caption":"Fondation Princesse Charl\u00e8ne de Monaco"},"image":{"@id":"https:\/\/www.fondationprincessecharlene.mc\/en#\/schema\/logo\/image\/"},"sameAs":["https:\/\/www.facebook.com\/fondationprincessecharlenedemonaco"]}]}},"_links":{"self":[{"href":"https:\/\/www.fondationprincessecharlene.mc\/en\/wp-json\/wp\/v2\/pages\/4711","targetHints":{"allow":["GET"]}}],"collection":[{"href":"https:\/\/www.fondationprincessecharlene.mc\/en\/wp-json\/wp\/v2\/pages"}],"about":[{"href":"https:\/\/www.fondationprincessecharlene.mc\/en\/wp-json\/wp\/v2\/types\/page"}],"author":[{"embeddable":true,"href":"https:\/\/www.fondationprincessecharlene.mc\/en\/wp-json\/wp\/v2\/users\/1"}],"replies":[{"embeddable":true,"href":"https:\/\/www.fondationprincessecharlene.mc\/en\/wp-json\/wp\/v2\/comments?post=4711"}],"version-history":[{"count":1,"href":"https:\/\/www.fondationprincessecharlene.mc\/en\/wp-json\/wp\/v2\/pages\/4711\/revisions"}],"predecessor-version":[{"id":4712,"href":"https:\/\/www.fondationprincessecharlene.mc\/en\/wp-json\/wp\/v2\/pages\/4711\/revisions\/4712"}],"wp:attachment":[{"href":"https:\/\/www.fondationprincessecharlene.mc\/en\/wp-json\/wp\/v2\/media?parent=4711"}],"curies":[{"name":"wp","href":"https:\/\/api.w.org\/{rel}","templated":true}]}}