{"id":5961,"date":"2024-08-29T18:20:29","date_gmt":"2024-08-29T16:20:29","guid":{"rendered":"https:\/\/www.fondationprincessecharlene.mc\/?page_id=5961"},"modified":"2024-09-06T09:57:17","modified_gmt":"2024-09-06T07:57:17","slug":"the-crossing-calvi-monaco","status":"publish","type":"page","link":"https:\/\/www.fondationprincessecharlene.mc\/en\/the-crossing-calvi-monaco","title":{"rendered":"The Crossing : Calvi &#8211; Monaco"},"content":{"rendered":"\n<div class=\"wp-block-columns is-layout-flex wp-container-core-columns-is-layout-9d6595d7 wp-block-columns-is-layout-flex\">\n<div class=\"wp-block-column is-layout-flow wp-block-column-is-layout-flow\" style=\"flex-basis:20%\">\n<figure class=\"wp-block-image size-full is-resized\"><img decoding=\"async\" width=\"400\" height=\"400\" src=\"https:\/\/www.fondationprincessecharlene.mc\/wp-content\/uploads\/2024\/08\/logo-the-crossing.png\" alt=\"\" class=\"wp-image-5945\" style=\"width:192px;height:auto\" srcset=\"https:\/\/www.fondationprincessecharlene.mc\/wp-content\/uploads\/2024\/08\/logo-the-crossing.png 400w, https:\/\/www.fondationprincessecharlene.mc\/wp-content\/uploads\/2024\/08\/logo-the-crossing-300x300.png 300w, https:\/\/www.fondationprincessecharlene.mc\/wp-content\/uploads\/2024\/08\/logo-the-crossing-150x150.png 150w\" sizes=\"(max-width: 400px) 100vw, 400px\" \/><\/figure>\n<\/div>\n\n\n\n<div class=\"wp-block-column is-layout-flow wp-block-column-is-layout-flow\" style=\"flex-basis:80%\">\n<p>The Princess Charlene of Monaco Foundation is organising the second edition of its relay race, The Crossing: Calvi &#8211; Monaco Water Bike Challenge, which will take place on the 6th and the 7th of September 2024.<\/p>\n\n\n\n<p><\/p>\n\n\n\n<div style=\"height:10px\" aria-hidden=\"true\" class=\"wp-block-spacer\"><\/div>\n\n\n\n<p>This charity sports challenge aims to reach Calvi in Monaco in a minimum time by water bike. Beyond the sporting performance, this event will raise awareness of drowning prevention and water safety and raise funds.<\/p>\n\n\n\n<div style=\"height:10px\" aria-hidden=\"true\" class=\"wp-block-spacer\"><\/div>\n\n\n\n<p><\/p>\n\n\n\n<p>On September 6th, the 5 teams will start from the port of Calvi for a race in less than 24 hours. The 4 athletes of each team take turns at sea over 180 kilometres. The conditions of the crossing are various: wind, swell, fog, night, sun, rain.<\/p>\n<\/div>\n<\/div>\n\n\n\n<div style=\"height:40px\" aria-hidden=\"true\" class=\"wp-block-spacer\"><\/div>\n\n\n\n<p class=\"has-text-align-center\"><a class=\"btn btn-secondary\" href=\"https:\/\/charlene.pay.iraiser.eu\/thecrossing2024\/\">Donate<\/a> <a href=\"https:\/\/player.georacing.com\/?event=102113&amp;race=101937&amp;name=Monaco+Water+Bike+Challenge\" target=\"_blank\" class=\"btn btn-secondary\" rel=\"noopener\">Live<\/a><\/p>\n\n\n\n<div style=\"height:60px\" aria-hidden=\"true\" class=\"wp-block-spacer\"><\/div>\n\n\n\n<div id=\"crossing_messages\"><div class=\"message\">Make it happen Team Lion Heart!<\/div><div class=\"message\">Great cause, best of luck on the day!<\/div><div class=\"message\">Challenge yourself !! Be strong be proud<\/div><div class=\"message\">Only forward, we believe in  your victory Brandon Green!<\/div><div class=\"message\">Go Lionheart team!\u2764\ufe0f\u2764\ufe0f<\/div><div class=\"message\">Good luck!<\/div><div class=\"message\">Good luck \ud83e\udd1e and well done Mike and Linda Ashley<\/div><div class=\"message\">Brandon and your team, you are the lionhearts!!<\/div><div class=\"message\">Go Lionheart team!!! Love you all<\/div><div class=\"message\">Good luck Brandon and Team Lionheart! Best wishes, Kirk & May<\/div><div class=\"message\">Go-go-go, boys!!!\ud83c\udfc6\ud83d\udcaa\ud83c\udffc<\/div><div class=\"message\">Go lions<\/div><div class=\"message\">\u041f\u0435\u0440\u0435\u043c\u043e\u0433\u0438, \u0456 \u0449\u0435 \u0440\u0430\u0437 \u043f\u0435\u0440\u0435\u043c\u043e\u0433\u0438!<\/div><div class=\"message\">Go guys !<\/div><div class=\"message\">Good luck Peter Sagan<\/div><div class=\"message\">Go Team Serenity!!<\/div><div class=\"message\">The best of the best!<\/div><div class=\"message\">Go G \ud83d\udc4a\ud83c\udffb<\/div><div class=\"message\">\u0417\u0430 \u0423\u043a\u0440\u0430\u0438\u043d\u0443!!!<\/div><div class=\"message\">\u041c\u0438 \u0432I\u0440\u0438\u043c\u043e \u0443 \u0432\u0430\u0448\u0443 \u043f\u0435\u0440\u0435\u043c\u043e\u0433\u0443<\/div><div class=\"message\">Bonne course<\/div><div class=\"message\">The strength of the team is each individual member. The strength of each member is the team. You've ...<\/div><div class=\"message\">Let\u02bcs Go!<\/div><div class=\"message\">Forza ragazzi!!! \ud83d\udcaa<\/div><div class=\"message\">Good luck \ud83d\udcaa\ud83d\udcaa\ud83d\udcaa<\/div><div class=\"message\">Go boys\u2026 let\u02bcs save kids lives all together !!!<\/div><div class=\"message\">Enjoy the experience !!<\/div><div class=\"message\">go go let's win<\/div><div class=\"message\">You are the best ....never give up!!!<\/div><div class=\"message\">Siuppp!<\/div><div class=\"message\">Team Rock Rocks !!!<\/div><div class=\"message\">Go Brandon!<\/div><div class=\"message\">Daghe!<\/div><div class=\"message\">Good luck to all teams !<\/div><div class=\"message\">You got this Team Rock to Rock! \ud83d\udcaa Francis<\/div><div class=\"message\">Good Luck Brandon and Team Lionheart \\\\n\\\\nAlexander Hansson<\/div><div class=\"message\">Good luck Brandon and Lionheart Team!!!<\/div><div class=\"message\">Allez Guido! \\\\n- Charlie LPM<\/div><div class=\"message\">Vai vai Guido!!\\\\nCharlie LPM<\/div><div class=\"message\">Lets gooooo!!!!!<\/div><div class=\"message\">Go Serenity Team ! Serene, confident, support and success in the end ! \ud83d\udcaa\ud83d\udcaa<\/div><div class=\"message\">Go Team Lionheart!!!!<\/div><div class=\"message\">Lets go boyz<\/div><div class=\"message\">Let\u02bcs go team!<\/div><div class=\"message\">Go team ! We are proud of you !<\/div><div class=\"message\">Enjoy the race \\\\nHave fun and good time \\\\nPaolo & Silvia Marzocco<\/div><div class=\"message\">Go Brandon!<\/div><div class=\"message\">Good luck<\/div><div class=\"message\">Good luck Team Serenity!<\/div><div class=\"message\">Go Lionheart!! Thinking of you all!! \ud83e\udd73\ud83e\udd73\u2764\ufe0f\u2764\ufe0f<\/div><div class=\"message\">come on!!! push!!!<\/div><div class=\"message\">Best of luck Team Lionheart on this epic adventure.  Best wishes Jenny & David<\/div><div class=\"message\">We wish you will be the winner, Catia, Pietro and Ludovica<\/div><div class=\"message\">Wishing all the best for this adventure.  Rhona and I thrilled to be able to support you and the Lionheart team.<\/div><div class=\"message\">Rooting for Team Lionheart! But hope all have fun and stay save! Love you BRG.<\/div><div class=\"message\">Well done guys \ud83d\udcaa\ud83d\udcaa<\/div><div class=\"message\">Go Brandon and Team Lionheart!<\/div><div class=\"message\">Fortza Ferrari!<\/div><div class=\"message\">Let\u02bcs go boys!\\\\nAntti, Sophie, Lumie<\/div><div class=\"message\">Get After It Team! \ud83d\udcaa<\/div><div class=\"message\">Go Team<\/div><div class=\"message\">Good Luck and Safe Journey to all ``Fair winds and following seas!``<\/div><div class=\"message\">Good luck guys. Great effort and a great cause<\/div><div class=\"message\">Good Luck Guys!<\/div><div class=\"message\">LIONHEART! LIONHEART !!!!!<\/div><div class=\"message\">Good luck!!<\/div><div class=\"message\">Go Brandon ! Go Team Lionheart!!<\/div><div class=\"message\">Good luck Brandon and Team!\\\\n\\\\nRick<\/div><div class=\"message\">Smash it! \\\\n\\\\nLove CJ & Philip<\/div><div class=\"message\">Go for it guys , have fun and best of luck. Great cause  -  Hats off !<\/div><div class=\"message\">Let\u02bcs go LionHeart!<\/div><div class=\"message\">Good luck to you all!<\/div><div class=\"message\">Go Brandon and team. \\\\nA great cause. You\u02bcll smash it. I mean, who\u02bcs Ferrari anyway? :). \\\\nThis is for a dear friend who lost his teenage son swimming at sea not so long ago. \\\\nJK<\/div><div class=\"message\">\ud83e\udd19\ud83e\udd19\ud83e\udd19<\/div><div class=\"message\">Meraki Heritage (Claudia &amp; Jonathan Beer)<\/div><div class=\"message\">Go LH!!!<\/div><div class=\"message\">Well done great cause \\\\nAnd impressive strengths<\/div><div class=\"message\">Congratulations Brandon and Team Lionheart on amazing Crossing performance \\\\nTony and Karin<\/div><div class=\"message\">Good luck amazing team<\/div><div class=\"message\">Valtteri and Peter on the same team. !!! Party!!!<\/div><div class=\"message\">Stars amongst Stars !\\\\nWell done Team Lionheart. A roaring success!\\\\nKaren & Roger Shine<\/div><div class=\"message\">Congratulations Lionheart \ud83e\udd81\ud83d\udc4f<\/div><\/div><div class=\"progress-list\"><div class=\"progress progress-lionheart\"><div class=\"progress-logo\"><img decoding=\"async\" src=\"https:\/\/www.fondationprincessecharlene.mc\/wp-content\/plugins\/crossing\/logos\/lionheart.png\"><\/div><div style=\"flex-grow: 1;\"><div class=\"progress-label\">Lionheart<\/div><ul class=\"progress-members\"><li>Gustav Larsson, <\/li><li>Brandon Green, <\/li><li>Rory Bushe, <\/li><li>Harvey Bird<\/li><\/ul><div class=\"progress-bar-wrapper\"><div class=\"progress-bar\" style=\" width: 88.44%;\"><\/div><\/div><div class=\"progress-value\">221 100 \u20ac<\/div><\/div><\/div><div class=\"progress progress-u17\"><div class=\"progress-logo\"><img decoding=\"async\" src=\"https:\/\/www.fondationprincessecharlene.mc\/wp-content\/plugins\/crossing\/logos\/u17.png\"><\/div><div style=\"flex-grow: 1;\"><div class=\"progress-label\">U17<\/div><ul class=\"progress-members\"><li>Oleksandr Usyk, <\/li><li>Daniel Lapin, <\/li><li>Dmytro Kovalenko, <\/li><li>Nicolas Fache<\/li><\/ul><div class=\"progress-bar-wrapper\"><div class=\"progress-bar\" style=\" width: 23.78%;\"><\/div><\/div><div class=\"progress-value\">59 439 \u20ac<\/div><\/div><\/div><div class=\"progress progress-rocktorock\"><div class=\"progress-logo\"><img decoding=\"async\" src=\"https:\/\/www.fondationprincessecharlene.mc\/wp-content\/plugins\/crossing\/logos\/rocktorock.png\"><\/div><div style=\"flex-grow: 1;\"><div class=\"progress-label\">Rock to Rock<\/div><ul class=\"progress-members\"><li>Alexandre Baccili, <\/li><li>Jacopo Marzocco, <\/li><li>Jean-Baptiste Pastor, <\/li><li>Anthony Roustan<\/li><\/ul><div class=\"progress-bar-wrapper\"><div class=\"progress-bar\" style=\" width: 7.9%;\"><\/div><\/div><div class=\"progress-value\">19 750 \u20ac<\/div><\/div><\/div><div class=\"progress progress-serenity\"><div class=\"progress-logo\"><img decoding=\"async\" src=\"https:\/\/www.fondationprincessecharlene.mc\/wp-content\/plugins\/crossing\/logos\/serenity.png\"><\/div><div style=\"flex-grow: 1;\"><div class=\"progress-label\">Serenity<\/div><ul class=\"progress-members\"><li>Valtteri Bottas, <\/li><li>Gvido Belinskis, <\/li><li>Peter Sagan, <\/li><li>Gareth Wittstock<\/li><\/ul><div class=\"progress-bar-wrapper\"><div class=\"progress-bar\" style=\" width: 2.2%;\"><\/div><\/div><div class=\"progress-value\">5 510 \u20ac<\/div><\/div><\/div><div class=\"progress progress-ferrari\"><div class=\"progress-logo\"><img decoding=\"async\" src=\"https:\/\/www.fondationprincessecharlene.mc\/wp-content\/plugins\/crossing\/logos\/ferrari.png\"><\/div><div style=\"flex-grow: 1;\"><div class=\"progress-label\">Ferrari<\/div><ul class=\"progress-members\"><li>Francesco Castellacci, <\/li><li>Allessandro Pierguidi, <\/li><li>Guido Giovanelli, <\/li><li>Giorgio Rocca<\/li><\/ul><div class=\"progress-bar-wrapper\"><div class=\"progress-bar\" style=\" width: 2%;\"><\/div><\/div><div class=\"progress-value\">656 \u20ac<\/div><\/div><\/div><\/div>\n\n\n\n<p class=\"has-text-align-center\"><\/p>\n\n\n\n<p><\/p>\n\n\n\n<p><\/p>\n","protected":false},"excerpt":{"rendered":"<p>The Princess Charlene of Monaco Foundation is organising the second edition of its relay [&hellip;]<\/p>\n","protected":false},"author":5,"featured_media":5960,"parent":0,"menu_order":0,"comment_status":"closed","ping_status":"closed","template":"","meta":{"_acf_changed":false,"footnotes":""},"class_list":["post-5961","page","type-page","status-publish","has-post-thumbnail","hentry"],"acf":[],"yoast_head":"<!-- This site is optimized with the Yoast SEO plugin v27.6 - https:\/\/yoast.com\/product\/yoast-seo-wordpress\/ -->\n<title>The Crossing : Calvi - Monaco - Fondation Princesse Charl\u00e8ne de Monaco<\/title>\n<meta name=\"robots\" content=\"index, follow, max-snippet:-1, max-image-preview:large, max-video-preview:-1\" \/>\n<link rel=\"canonical\" href=\"https:\/\/www.fondationprincessecharlene.mc\/en\/the-crossing-calvi-monaco\" \/>\n<meta property=\"og:locale\" content=\"en_US\" \/>\n<meta property=\"og:type\" content=\"article\" \/>\n<meta property=\"og:title\" content=\"The Crossing : Calvi - Monaco - Fondation Princesse Charl\u00e8ne de Monaco\" \/>\n<meta property=\"og:description\" content=\"The Princess Charlene of Monaco Foundation is organising the second edition of its relay [&hellip;]\" \/>\n<meta property=\"og:url\" content=\"https:\/\/www.fondationprincessecharlene.mc\/en\/the-crossing-calvi-monaco\" \/>\n<meta property=\"og:site_name\" content=\"Fondation Princesse Charl\u00e8ne de Monaco\" \/>\n<meta property=\"article:publisher\" content=\"https:\/\/www.facebook.com\/fondationprincessecharlenedemonaco\" \/>\n<meta property=\"article:modified_time\" content=\"2024-09-06T07:57:17+00:00\" \/>\n<meta property=\"og:image\" content=\"https:\/\/www.fondationprincessecharlene.mc\/wp-content\/uploads\/2024\/08\/the-crossing-header.jpg\" \/>\n\t<meta property=\"og:image:width\" content=\"1920\" \/>\n\t<meta property=\"og:image:height\" content=\"505\" \/>\n\t<meta property=\"og:image:type\" content=\"image\/jpeg\" \/>\n<meta name=\"twitter:card\" content=\"summary_large_image\" \/>\n<meta name=\"twitter:label1\" content=\"Est. reading time\" \/>\n\t<meta name=\"twitter:data1\" content=\"2 minutes\" \/>\n<script type=\"application\/ld+json\" class=\"yoast-schema-graph\">{\"@context\":\"https:\\\/\\\/schema.org\",\"@graph\":[{\"@type\":\"WebPage\",\"@id\":\"https:\\\/\\\/www.fondationprincessecharlene.mc\\\/en\\\/the-crossing-calvi-monaco\",\"url\":\"https:\\\/\\\/www.fondationprincessecharlene.mc\\\/en\\\/the-crossing-calvi-monaco\",\"name\":\"The Crossing : Calvi - Monaco - Fondation Princesse Charl\u00e8ne de Monaco\",\"isPartOf\":{\"@id\":\"https:\\\/\\\/www.fondationprincessecharlene.mc\\\/en#website\"},\"primaryImageOfPage\":{\"@id\":\"https:\\\/\\\/www.fondationprincessecharlene.mc\\\/en\\\/the-crossing-calvi-monaco#primaryimage\"},\"image\":{\"@id\":\"https:\\\/\\\/www.fondationprincessecharlene.mc\\\/en\\\/the-crossing-calvi-monaco#primaryimage\"},\"thumbnailUrl\":\"https:\\\/\\\/www.fondationprincessecharlene.mc\\\/wp-content\\\/uploads\\\/2024\\\/08\\\/the-crossing-header.jpg\",\"datePublished\":\"2024-08-29T16:20:29+00:00\",\"dateModified\":\"2024-09-06T07:57:17+00:00\",\"breadcrumb\":{\"@id\":\"https:\\\/\\\/www.fondationprincessecharlene.mc\\\/en\\\/the-crossing-calvi-monaco#breadcrumb\"},\"inLanguage\":\"en-US\",\"potentialAction\":[{\"@type\":\"ReadAction\",\"target\":[\"https:\\\/\\\/www.fondationprincessecharlene.mc\\\/en\\\/the-crossing-calvi-monaco\"]}]},{\"@type\":\"ImageObject\",\"inLanguage\":\"en-US\",\"@id\":\"https:\\\/\\\/www.fondationprincessecharlene.mc\\\/en\\\/the-crossing-calvi-monaco#primaryimage\",\"url\":\"https:\\\/\\\/www.fondationprincessecharlene.mc\\\/wp-content\\\/uploads\\\/2024\\\/08\\\/the-crossing-header.jpg\",\"contentUrl\":\"https:\\\/\\\/www.fondationprincessecharlene.mc\\\/wp-content\\\/uploads\\\/2024\\\/08\\\/the-crossing-header.jpg\",\"width\":1920,\"height\":505},{\"@type\":\"BreadcrumbList\",\"@id\":\"https:\\\/\\\/www.fondationprincessecharlene.mc\\\/en\\\/the-crossing-calvi-monaco#breadcrumb\",\"itemListElement\":[{\"@type\":\"ListItem\",\"position\":1,\"name\":\"Accueil\",\"item\":\"https:\\\/\\\/www.fondationprincessecharlene.mc\\\/en\"},{\"@type\":\"ListItem\",\"position\":2,\"name\":\"The Crossing : Calvi &#8211; Monaco\"}]},{\"@type\":\"WebSite\",\"@id\":\"https:\\\/\\\/www.fondationprincessecharlene.mc\\\/en#website\",\"url\":\"https:\\\/\\\/www.fondationprincessecharlene.mc\\\/en\",\"name\":\"Fondation Princesse Charl\u00e8ne de Monaco\",\"description\":\"La Fondation Princesse Charl\u00e8ne de Monaco s&#039;engage pour un monde meilleur o\u00f9 les enfants de toute origine peuvent s&#039;\u00e9panouir en s\u00e9curit\u00e9 et apprendre \u00e0 vivre ensemble.\",\"publisher\":{\"@id\":\"https:\\\/\\\/www.fondationprincessecharlene.mc\\\/en#organization\"},\"potentialAction\":[{\"@type\":\"SearchAction\",\"target\":{\"@type\":\"EntryPoint\",\"urlTemplate\":\"https:\\\/\\\/www.fondationprincessecharlene.mc\\\/en?s={search_term_string}\"},\"query-input\":{\"@type\":\"PropertyValueSpecification\",\"valueRequired\":true,\"valueName\":\"search_term_string\"}}],\"inLanguage\":\"en-US\"},{\"@type\":\"Organization\",\"@id\":\"https:\\\/\\\/www.fondationprincessecharlene.mc\\\/en#organization\",\"name\":\"Fondation Princesse Charl\u00e8ne de Monaco\",\"url\":\"https:\\\/\\\/www.fondationprincessecharlene.mc\\\/en\",\"logo\":{\"@type\":\"ImageObject\",\"inLanguage\":\"en-US\",\"@id\":\"https:\\\/\\\/www.fondationprincessecharlene.mc\\\/en#\\\/schema\\\/logo\\\/image\\\/\",\"url\":\"https:\\\/\\\/www.fondationprincessecharlene.mc\\\/wp-content\\\/uploads\\\/2022\\\/04\\\/logo-princesse-charlene-de-monaco-fondation.png\",\"contentUrl\":\"https:\\\/\\\/www.fondationprincessecharlene.mc\\\/wp-content\\\/uploads\\\/2022\\\/04\\\/logo-princesse-charlene-de-monaco-fondation.png\",\"width\":645,\"height\":263,\"caption\":\"Fondation Princesse Charl\u00e8ne de Monaco\"},\"image\":{\"@id\":\"https:\\\/\\\/www.fondationprincessecharlene.mc\\\/en#\\\/schema\\\/logo\\\/image\\\/\"},\"sameAs\":[\"https:\\\/\\\/www.facebook.com\\\/fondationprincessecharlenedemonaco\"]}]}<\/script>\n<!-- \/ Yoast SEO plugin. -->","yoast_head_json":{"title":"The Crossing : Calvi - Monaco - Fondation Princesse Charl\u00e8ne de Monaco","robots":{"index":"index","follow":"follow","max-snippet":"max-snippet:-1","max-image-preview":"max-image-preview:large","max-video-preview":"max-video-preview:-1"},"canonical":"https:\/\/www.fondationprincessecharlene.mc\/en\/the-crossing-calvi-monaco","og_locale":"en_US","og_type":"article","og_title":"The Crossing : Calvi - Monaco - Fondation Princesse Charl\u00e8ne de Monaco","og_description":"The Princess Charlene of Monaco Foundation is organising the second edition of its relay [&hellip;]","og_url":"https:\/\/www.fondationprincessecharlene.mc\/en\/the-crossing-calvi-monaco","og_site_name":"Fondation Princesse Charl\u00e8ne de Monaco","article_publisher":"https:\/\/www.facebook.com\/fondationprincessecharlenedemonaco","article_modified_time":"2024-09-06T07:57:17+00:00","og_image":[{"width":1920,"height":505,"url":"https:\/\/www.fondationprincessecharlene.mc\/wp-content\/uploads\/2024\/08\/the-crossing-header.jpg","type":"image\/jpeg"}],"twitter_card":"summary_large_image","twitter_misc":{"Est. reading time":"2 minutes"},"schema":{"@context":"https:\/\/schema.org","@graph":[{"@type":"WebPage","@id":"https:\/\/www.fondationprincessecharlene.mc\/en\/the-crossing-calvi-monaco","url":"https:\/\/www.fondationprincessecharlene.mc\/en\/the-crossing-calvi-monaco","name":"The Crossing : Calvi - Monaco - Fondation Princesse Charl\u00e8ne de Monaco","isPartOf":{"@id":"https:\/\/www.fondationprincessecharlene.mc\/en#website"},"primaryImageOfPage":{"@id":"https:\/\/www.fondationprincessecharlene.mc\/en\/the-crossing-calvi-monaco#primaryimage"},"image":{"@id":"https:\/\/www.fondationprincessecharlene.mc\/en\/the-crossing-calvi-monaco#primaryimage"},"thumbnailUrl":"https:\/\/www.fondationprincessecharlene.mc\/wp-content\/uploads\/2024\/08\/the-crossing-header.jpg","datePublished":"2024-08-29T16:20:29+00:00","dateModified":"2024-09-06T07:57:17+00:00","breadcrumb":{"@id":"https:\/\/www.fondationprincessecharlene.mc\/en\/the-crossing-calvi-monaco#breadcrumb"},"inLanguage":"en-US","potentialAction":[{"@type":"ReadAction","target":["https:\/\/www.fondationprincessecharlene.mc\/en\/the-crossing-calvi-monaco"]}]},{"@type":"ImageObject","inLanguage":"en-US","@id":"https:\/\/www.fondationprincessecharlene.mc\/en\/the-crossing-calvi-monaco#primaryimage","url":"https:\/\/www.fondationprincessecharlene.mc\/wp-content\/uploads\/2024\/08\/the-crossing-header.jpg","contentUrl":"https:\/\/www.fondationprincessecharlene.mc\/wp-content\/uploads\/2024\/08\/the-crossing-header.jpg","width":1920,"height":505},{"@type":"BreadcrumbList","@id":"https:\/\/www.fondationprincessecharlene.mc\/en\/the-crossing-calvi-monaco#breadcrumb","itemListElement":[{"@type":"ListItem","position":1,"name":"Accueil","item":"https:\/\/www.fondationprincessecharlene.mc\/en"},{"@type":"ListItem","position":2,"name":"The Crossing : Calvi &#8211; Monaco"}]},{"@type":"WebSite","@id":"https:\/\/www.fondationprincessecharlene.mc\/en#website","url":"https:\/\/www.fondationprincessecharlene.mc\/en","name":"Fondation Princesse Charl\u00e8ne de Monaco","description":"La Fondation Princesse Charl\u00e8ne de Monaco s&#039;engage pour un monde meilleur o\u00f9 les enfants de toute origine peuvent s&#039;\u00e9panouir en s\u00e9curit\u00e9 et apprendre \u00e0 vivre ensemble.","publisher":{"@id":"https:\/\/www.fondationprincessecharlene.mc\/en#organization"},"potentialAction":[{"@type":"SearchAction","target":{"@type":"EntryPoint","urlTemplate":"https:\/\/www.fondationprincessecharlene.mc\/en?s={search_term_string}"},"query-input":{"@type":"PropertyValueSpecification","valueRequired":true,"valueName":"search_term_string"}}],"inLanguage":"en-US"},{"@type":"Organization","@id":"https:\/\/www.fondationprincessecharlene.mc\/en#organization","name":"Fondation Princesse Charl\u00e8ne de Monaco","url":"https:\/\/www.fondationprincessecharlene.mc\/en","logo":{"@type":"ImageObject","inLanguage":"en-US","@id":"https:\/\/www.fondationprincessecharlene.mc\/en#\/schema\/logo\/image\/","url":"https:\/\/www.fondationprincessecharlene.mc\/wp-content\/uploads\/2022\/04\/logo-princesse-charlene-de-monaco-fondation.png","contentUrl":"https:\/\/www.fondationprincessecharlene.mc\/wp-content\/uploads\/2022\/04\/logo-princesse-charlene-de-monaco-fondation.png","width":645,"height":263,"caption":"Fondation Princesse Charl\u00e8ne de Monaco"},"image":{"@id":"https:\/\/www.fondationprincessecharlene.mc\/en#\/schema\/logo\/image\/"},"sameAs":["https:\/\/www.facebook.com\/fondationprincessecharlenedemonaco"]}]}},"_links":{"self":[{"href":"https:\/\/www.fondationprincessecharlene.mc\/en\/wp-json\/wp\/v2\/pages\/5961","targetHints":{"allow":["GET"]}}],"collection":[{"href":"https:\/\/www.fondationprincessecharlene.mc\/en\/wp-json\/wp\/v2\/pages"}],"about":[{"href":"https:\/\/www.fondationprincessecharlene.mc\/en\/wp-json\/wp\/v2\/types\/page"}],"author":[{"embeddable":true,"href":"https:\/\/www.fondationprincessecharlene.mc\/en\/wp-json\/wp\/v2\/users\/5"}],"replies":[{"embeddable":true,"href":"https:\/\/www.fondationprincessecharlene.mc\/en\/wp-json\/wp\/v2\/comments?post=5961"}],"version-history":[{"count":10,"href":"https:\/\/www.fondationprincessecharlene.mc\/en\/wp-json\/wp\/v2\/pages\/5961\/revisions"}],"predecessor-version":[{"id":6032,"href":"https:\/\/www.fondationprincessecharlene.mc\/en\/wp-json\/wp\/v2\/pages\/5961\/revisions\/6032"}],"wp:featuredmedia":[{"embeddable":true,"href":"https:\/\/www.fondationprincessecharlene.mc\/en\/wp-json\/wp\/v2\/media\/5960"}],"wp:attachment":[{"href":"https:\/\/www.fondationprincessecharlene.mc\/en\/wp-json\/wp\/v2\/media?parent=5961"}],"curies":[{"name":"wp","href":"https:\/\/api.w.org\/{rel}","templated":true}]}}